{"id":815,"date":"2024-06-17T09:15:34","date_gmt":"2024-06-17T07:15:34","guid":{"rendered":"http:\/\/malrauxbethune.net\/?page_id=815"},"modified":"2026-04-02T11:39:45","modified_gmt":"2026-04-02T09:39:45","slug":"brevet-dinitiation-aeronautique","status":"publish","type":"page","link":"https:\/\/malrauxbethune.net\/index.php\/brevet-dinitiation-aeronautique\/","title":{"rendered":"Brevet d\u2019Initiation A\u00e9ronautique"},"content":{"rendered":"\n<figure class=\"wp-block-image aligncenter size-full\"><img loading=\"lazy\" decoding=\"async\" width=\"308\" height=\"108\" src=\"http:\/\/malrauxbethune.net\/wp-content\/uploads\/2024\/06\/logo-BIA.png\" alt=\"\" class=\"wp-image-817\" srcset=\"https:\/\/malrauxbethune.net\/wp-content\/uploads\/2024\/06\/logo-BIA.png 308w, https:\/\/malrauxbethune.net\/wp-content\/uploads\/2024\/06\/logo-BIA-300x105.png 300w\" sizes=\"auto, (max-width: 308px) 100vw, 308px\" \/><\/figure>\n\n\n\n<p>La France est un grand pays d\u2019a\u00e9ronautique, par son histoire, par l\u2019importance et la diversit\u00e9 de ses pratiques, par la richesse et le dynamisme de son industrie. Le secteur a\u00e9ronautique est un des secteurs les plus dynamiques de l&#8217;industrie et du commerce fran\u00e7ais. Toutefois, les m\u00e9tiers de l&#8217;a\u00e9ronautique et du spatial et les fili\u00e8res de formation correspondantes sont encore souvent ignor\u00e9s ou m\u00e9connus du grand public et notamment des \u00e9l\u00e8ves et de leurs parents.<\/p>\n\n\n\n<p>Dans ce domaine pluridisciplinaire, il est donc int\u00e9ressant de proposer au plus grand nombre une initiation \u00e0 la culture scientifique et technique a\u00e9ronautique et spatiale \u00e0 la crois\u00e9e des secteurs professionnels, sportifs et \u00e9ducatifs.<\/p>\n\n\n\n<p><\/p>\n\n\n\n<h2 class=\"wp-block-heading\"><strong>Qu&#8217;est-ce que le B.I.A ?<\/strong><\/h2>\n\n\n\n<div class=\"wp-block-columns is-layout-flex wp-container-core-columns-is-layout-28f84493 wp-block-columns-is-layout-flex\">\n<div class=\"wp-block-column is-layout-flow wp-block-column-is-layout-flow\">\n<figure class=\"wp-block-image size-full\"><img loading=\"lazy\" decoding=\"async\" width=\"830\" height=\"755\" src=\"http:\/\/malrauxbethune.net\/wp-content\/uploads\/2024\/06\/Photo3.png\" alt=\"\" class=\"wp-image-819\" srcset=\"https:\/\/malrauxbethune.net\/wp-content\/uploads\/2024\/06\/Photo3.png 830w, https:\/\/malrauxbethune.net\/wp-content\/uploads\/2024\/06\/Photo3-300x273.png 300w, https:\/\/malrauxbethune.net\/wp-content\/uploads\/2024\/06\/Photo3-768x699.png 768w\" sizes=\"auto, (max-width: 830px) 100vw, 830px\" \/><\/figure>\n<\/div>\n\n\n\n<div class=\"wp-block-column is-layout-flow wp-block-column-is-layout-flow\">\n<p>Le Brevet d&#8217;Initiation A\u00e9ronautique est un dipl\u00f4me de l\u2019\u00c9ducation Nationale mis en \u0153uvre en pleine coordination avec la Direction G\u00e9n\u00e9rale de l\u2019Aviation Civile (D.G.A.C) et le Conseil National des F\u00e9d\u00e9rations A\u00e9ronautiques et Sportives (C.N.F.A.S). Il valide un niveau de connaissances et de culture scientifique, technique et historique dans le domaine de l\u2019a\u00e9ronautique et du spatial.<\/p>\n<\/div>\n<\/div>\n\n\n\n<p>&nbsp;L&#8217;examen : l&#8217;examen national se d\u00e9roule chaque ann\u00e9e au mois de mai. Il prend la forme d&#8217;un QCM qui porte sur les diff\u00e9rents th\u00e8mes de formation. <a href=\"https:\/\/annales-bia.fr\" target=\"_blank\" rel=\"noreferrer noopener\">https:\/\/annales-bia.fr<\/a><\/p>\n\n\n\n<p>R\u00e9ussite \u00e0 l\u2019examen au lyc\u00e9e Malraux :<br>2023 : Re\u00e7us 100 %\u00a0 ; avec mention TB 25%<br>2024 : Re\u00e7us 100 %\u00a0 ; avec mention TB 80%\u00a0 B 20%<\/p>\n\n\n\n<p>2025 : Re\u00e7us 100% ; avec mention TB 25%  B 25%  AB 25%.<\/p>\n\n\n\n<h2 class=\"wp-block-heading\"><strong>La formation<\/strong><\/h2>\n\n\n\n<p>La pr\u00e9paration au brevet d\u2019initiation a\u00e9ronautique (B.I.A), par son approche pluridisciplinaire, permet :<\/p>\n\n\n\n<ul class=\"wp-block-list\">\n<li>de donner plus de sens \u00e0 la formation scolaire ;<\/li>\n\n\n\n<li>d\u2019aborder les diff\u00e9rentes facettes du domaine a\u00e9ronautique et spatial ;<\/li>\n\n\n\n<li>de d\u00e9couvrir les fili\u00e8res menant aux carri\u00e8res de ce secteur dans lequel il existe des d\u00e9bouch\u00e9s vari\u00e9s.<\/li>\n<\/ul>\n\n\n\n<p>L&#8217;enseignement du B.I.A est avant tout scientifique, mais il est aussi empreint d&#8217;histoire, de g\u00e9ographie, de culture, de langue \u00e9trang\u00e8re&#8230;<br>En sciences, de nombreux domaines sont abord\u00e9s et serviront les ann\u00e9es suivantes. Le niveau reste abordable par tous car les notions sont \u00e9tudi\u00e9es de mani\u00e8re qualitative ou exp\u00e9rimentale.<br>L&#8217;\u00e9l\u00e8ve ayant suivi cette pr\u00e9paration doit d\u00e9velopper des connaissances et comp\u00e9tences en :<\/p>\n\n\n\n<ul class=\"wp-block-list\">\n<li>m\u00e9t\u00e9orologie et a\u00e9rologie ;<\/li>\n\n\n\n<li>a\u00e9rodynamique, a\u00e9rostatique et principes du vol ;<\/li>\n\n\n\n<li>\u00e9tude des a\u00e9ronefs et des engins spatiaux ;<\/li>\n\n\n\n<li>navigation, r\u00e9glementation, s\u00e9curit\u00e9 des vols ;<\/li>\n\n\n\n<li>histoire et culture de l\u2019a\u00e9ronautique et du spatial ;<\/li>\n\n\n\n<li>anglais a\u00e9ronautique.<\/li>\n<\/ul>\n\n\n\n<p><a href=\"https:\/\/ciras.site.ac-lille.fr\/\" target=\"_blank\" rel=\"noreferrer noopener\">https:\/\/ciras.site.ac-lille.fr\/<\/a><\/p>\n\n\n\n<h2 class=\"wp-block-heading\"><strong>L&#8217;option B.I.A au lyc\u00e9e A. Malraux de B\u00e9thune.<\/strong><\/h2>\n\n\n\n<p>Au lyc\u00e9e Andr\u00e9 Malraux, le B.I.A. est pr\u00e9par\u00e9 le mercredi en tout d\u00e9but d&#8217;apr\u00e8s-midi \u00e0 raison de deux heures par semaine jusqu&#8217;\u00e0 l&#8217;examen (au mois de mai).<\/p>\n\n\n\n<p>Le B.I.A. se pr\u00e9pare aussi chez notre partenaire : l&#8217;A\u00e9roclub de la Lys et de l&#8217;Artois de Lestrem &#8211; Merville. C&#8217;est en effet l\u00e0 qu&#8217;ont lieu plusieurs vols d&#8217;initiation tout au long de l&#8217;ann\u00e9e, \u00e0 bord des avions de l&#8217;A\u00e9roclub et en compagnie de pilotes confirm\u00e9s et passionn\u00e9s. Des moments inoubliables !<\/p>\n\n\n\n<p>L&#8217;A\u00e9roclub propose \u00e9galement plusieurs activit\u00e9s passionnantes :<\/p>\n\n\n\n<ul class=\"wp-block-list\">\n<li>au premier trimestre : une journ\u00e9e au Mus\u00e9e de l&#8217;Air et de l&#8217;Espace du Bourget,<\/li>\n\n\n\n<li>au second trimestre : la journ\u00e9e B.I.A \u00e0 l&#8217;A\u00e9roclub (visite de la tour de contr\u00f4le, visite des ateliers de m\u00e9canique, simulateur de vol \u00e0 l&#8217;E.P.A.G et pr\u00e9sentation de diff\u00e9rentes formations a\u00e9ronautiques).<\/li>\n\n\n\n<li>au troisi\u00e8me trimestre (pour les \u00e9l\u00e8ves re\u00e7us \u00e0 l&#8217;examen) : un vol suppl\u00e9mentaire voire, pour les meilleurs, un vol particulier (en voltige par exemple !).<\/li>\n<\/ul>\n\n\n\n<p><em>Les activit\u00e9s \u00e0 l&#8217;A\u00e9roclub sont payantes.<\/em> <a href=\"https:\/\/www.museeairespace.fr\" target=\"_blank\" rel=\"noreferrer noopener\">https:\/\/www.museeairespace.fr<\/a><\/p>\n\n\n\n<p>Au lyc\u00e9e, le club \u00abA\u00e9ro\u00bb est ouvert aux \u00e9l\u00e8ves du B.I.A : simulateur de vol, a\u00e9romod\u00e9lisme sont au programme pendant la pause du midi ou certains mercredis. Des sorties suppl\u00e9mentaires en lien avec l&#8217;a\u00e9ronautique et le spatial sont organis\u00e9es.<\/p>\n\n\n\n<div class=\"wp-block-columns is-layout-flex wp-container-core-columns-is-layout-28f84493 wp-block-columns-is-layout-flex\">\n<div class=\"wp-block-column is-layout-flow wp-block-column-is-layout-flow\">\n<figure class=\"wp-block-image size-full\"><img loading=\"lazy\" decoding=\"async\" width=\"748\" height=\"745\" src=\"http:\/\/malrauxbethune.net\/wp-content\/uploads\/2024\/06\/Photo1.png\" alt=\"\" class=\"wp-image-820\" srcset=\"https:\/\/malrauxbethune.net\/wp-content\/uploads\/2024\/06\/Photo1.png 748w, https:\/\/malrauxbethune.net\/wp-content\/uploads\/2024\/06\/Photo1-300x300.png 300w, https:\/\/malrauxbethune.net\/wp-content\/uploads\/2024\/06\/Photo1-150x150.png 150w\" sizes=\"auto, (max-width: 748px) 100vw, 748px\" \/><\/figure>\n<\/div>\n\n\n\n<div class=\"wp-block-column is-layout-flow wp-block-column-is-layout-flow\">\n<figure class=\"wp-block-image size-full\"><img loading=\"lazy\" decoding=\"async\" width=\"1023\" height=\"678\" src=\"http:\/\/malrauxbethune.net\/wp-content\/uploads\/2024\/06\/Photo5.png\" alt=\"\" class=\"wp-image-821\" srcset=\"https:\/\/malrauxbethune.net\/wp-content\/uploads\/2024\/06\/Photo5.png 1023w, https:\/\/malrauxbethune.net\/wp-content\/uploads\/2024\/06\/Photo5-300x199.png 300w, https:\/\/malrauxbethune.net\/wp-content\/uploads\/2024\/06\/Photo5-768x509.png 768w\" sizes=\"auto, (max-width: 1023px) 100vw, 1023px\" \/><\/figure>\n<\/div>\n<\/div>\n","protected":false},"excerpt":{"rendered":"<p>La France est un grand pays d\u2019a\u00e9ronautique, par son histoire, par l\u2019importance et la diversit\u00e9 de ses pratiques, par la richesse et le dynamisme de son industrie. Le secteur a\u00e9ronautique est un des secteurs les plus dynamiques de l&#8217;industrie et du commerce [&hellip;]<\/p>\n","protected":false},"author":1,"featured_media":0,"parent":0,"menu_order":0,"comment_status":"closed","ping_status":"closed","template":"","meta":{"footnotes":""},"class_list":["post-815","page","type-page","status-publish","hentry"],"_links":{"self":[{"href":"https:\/\/malrauxbethune.net\/index.php\/wp-json\/wp\/v2\/pages\/815","targetHints":{"allow":["GET"]}}],"collection":[{"href":"https:\/\/malrauxbethune.net\/index.php\/wp-json\/wp\/v2\/pages"}],"about":[{"href":"https:\/\/malrauxbethune.net\/index.php\/wp-json\/wp\/v2\/types\/page"}],"author":[{"embeddable":true,"href":"https:\/\/malrauxbethune.net\/index.php\/wp-json\/wp\/v2\/users\/1"}],"replies":[{"embeddable":true,"href":"https:\/\/malrauxbethune.net\/index.php\/wp-json\/wp\/v2\/comments?post=815"}],"version-history":[{"count":8,"href":"https:\/\/malrauxbethune.net\/index.php\/wp-json\/wp\/v2\/pages\/815\/revisions"}],"predecessor-version":[{"id":1250,"href":"https:\/\/malrauxbethune.net\/index.php\/wp-json\/wp\/v2\/pages\/815\/revisions\/1250"}],"wp:attachment":[{"href":"https:\/\/malrauxbethune.net\/index.php\/wp-json\/wp\/v2\/media?parent=815"}],"curies":[{"name":"wp","href":"https:\/\/api.w.org\/{rel}","templated":true}]}}