{"id":707,"date":"2024-02-22T17:32:44","date_gmt":"2024-02-22T16:32:44","guid":{"rendered":"http:\/\/malrauxbethune.net\/?page_id=707"},"modified":"2024-02-22T17:48:03","modified_gmt":"2024-02-22T16:48:03","slug":"le-bts-crsa-en-alternance","status":"publish","type":"page","link":"https:\/\/malrauxbethune.net\/index.php\/le-bts-crsa-en-alternance\/","title":{"rendered":"Le BTS CRSA en alternance"},"content":{"rendered":"\n<h2 class=\"wp-block-heading\">La formation, le m\u00e9tier<\/h2>\n\n\n\n<p><strong>La formation&nbsp;:<\/strong><\/p>\n\n\n\n<p>Le BTS Conception et R\u00e9alisation de Syst\u00e8mes Automatiques est un dipl\u00f4me de niveau Bac+2, ax\u00e9 sur les syst\u00e8mes automatiques.<\/p>\n\n\n\n<p>L\u2019objectif de ce BTS est de former l\u2019apprenti en \u00e9tablissement et entreprise \u00e0 la conception des parties commandes et op\u00e9ratives, \u00e0 la r\u00e9alisation et \u00e0 la maintenance des syst\u00e8mes automatiques pr\u00e9sents dans l\u2019entreprise ou chez les clients de  l\u2019entreprise.<\/p>\n\n\n\n<p>Le rythme de l\u2019alternance est deux semaines en \u00e9tablissement et deux semaines en entreprise.<\/p>\n\n\n\n<p><strong>Le m\u00e9tier&nbsp;:<\/strong><\/p>\n\n\n\n<p>Le technicien sup\u00e9rieur CRSA est un sp\u00e9cialiste des \u00e9quipements automatis\u00e9s pr\u00e9sents dans des secteurs aussi vari\u00e9s que :<\/p>\n\n\n\n<ul class=\"wp-block-list\">\n<li>l\u2019exploitation de ressources naturelles,<\/li>\n\n\n\n<li>la production d\u2019\u00e9nergie,<\/li>\n\n\n\n<li>la transformation de mati\u00e8re premi\u00e8re,<\/li>\n\n\n\n<li>la robotique,<\/li>\n\n\n\n<li>l\u2019industrie automobile et les transports&#8230;<\/li>\n<\/ul>\n\n\n\n<p>Con\u00e7us pour r\u00e9pondre \u00e0 des besoins sp\u00e9cifiques, ces syst\u00e8mes automatiques sont r\u00e9alis\u00e9s sur mesure et fabriqu\u00e9s \u00e0 l\u2019unit\u00e9 ou en petite s\u00e9rie pour des clients exigeants.<\/p>\n\n\n\n<h2 class=\"wp-block-heading\">Les stages<\/h2>\n\n\n\n<ul class=\"wp-block-list\">\n<li>2 semaines en entreprise (35h = 1400 heures sur 2 ans)<\/li>\n\n\n\n<li>40 semaines de cours Poursuites d\u2019\u00e9tudes<\/li>\n<\/ul>\n\n\n\n<h2 class=\"wp-block-heading\">Les crit\u00e8res d\u2019admission<\/h2>\n\n\n\n<ul class=\"wp-block-list\">\n<li>La limite d\u2019\u00e2ge est de 29 ans r\u00e9volus. II faut \u00eatre titulaire d\u2019un dipl\u00f4me de niveau IV (Bac STI2D, d\u2019un Bac g\u00e9n\u00e9ral ou d\u2019un Bac Pro MEI, MELEC,&#8230;),<\/li>\n\n\n\n<li>Conclure un contrat d&#8217;apprentissage avec une entreprise,<\/li>\n\n\n\n<li>L\u2019aptitude physique est imp\u00e9rative,<\/li>\n\n\n\n<li>Formation en alternance de 2 ans,<br>Culture g\u00e9n\u00e9rale et expression, LV1, Math\u00e9matiques, Sciences physiques, Enseignement professionnel.<\/li>\n<\/ul>\n\n\n\n<h2 class=\"wp-block-heading\">La poursuite d&#8217;\u00e9tudes et les d\u00e9bouch\u00e9s<\/h2>\n\n\n\n<p><strong>Poursuites d\u2019\u00e9tudes\u00a0:<\/strong><\/p>\n\n\n\n<ul class=\"wp-block-list\">\n<li>CPGE Classe pr\u00e9paratoire technologie industrielle<\/li>\n\n\n\n<li>post-bac +2 (ATS)<\/li>\n\n\n\n<li>Licence pro commerce sp\u00e9cialit\u00e9 commercialisation d\u2019\u00e9quipements et services industriels<\/li>\n\n\n\n<li>Licence pro gestion de la production industrielle<\/li>\n\n\n\n<li>Licence pro maintenance des syst\u00e8mes pluri techniques<\/li>\n\n\n\n<li>Licence pro production industrielle<\/li>\n<\/ul>\n\n\n\n<p><strong>Les d\u00e9bouch\u00e9s professionnels\u00a0:<\/strong><\/p>\n\n\n\n<p>Avec un bon dossier ou une mention \u00e0 l\u2019examen, il est possible de poursuivre en licence, en licence professionnelle ou en classe pr\u00e9paratoire technologie industrielle post-bac +2 (ATS) pour entrer en \u00e9cole d\u2019ing\u00e9nieur.<\/p>\n\n\n\n<div class=\"wp-block-media-text is-stacked-on-mobile\"><figure class=\"wp-block-media-text__media\"><\/figure><div class=\"wp-block-media-text__content\">\n<p>T\u00e9l\u00e9charger notre plaquette CRSA-AP<\/p>\n<\/div><\/div>\n\n\n\n<p><\/p>\n","protected":false},"excerpt":{"rendered":"<p>La formation, le m\u00e9tier La formation&nbsp;: Le BTS Conception et R\u00e9alisation de Syst\u00e8mes Automatiques est un dipl\u00f4me de niveau Bac+2, ax\u00e9 sur les syst\u00e8mes automatiques. L\u2019objectif de ce BTS est de former l\u2019apprenti en \u00e9tablissement et entreprise \u00e0 la conception des parties [&hellip;]<\/p>\n","protected":false},"author":1,"featured_media":0,"parent":0,"menu_order":0,"comment_status":"closed","ping_status":"closed","template":"","meta":{"footnotes":""},"class_list":["post-707","page","type-page","status-publish","hentry"],"_links":{"self":[{"href":"https:\/\/malrauxbethune.net\/index.php\/wp-json\/wp\/v2\/pages\/707","targetHints":{"allow":["GET"]}}],"collection":[{"href":"https:\/\/malrauxbethune.net\/index.php\/wp-json\/wp\/v2\/pages"}],"about":[{"href":"https:\/\/malrauxbethune.net\/index.php\/wp-json\/wp\/v2\/types\/page"}],"author":[{"embeddable":true,"href":"https:\/\/malrauxbethune.net\/index.php\/wp-json\/wp\/v2\/users\/1"}],"replies":[{"embeddable":true,"href":"https:\/\/malrauxbethune.net\/index.php\/wp-json\/wp\/v2\/comments?post=707"}],"version-history":[{"count":4,"href":"https:\/\/malrauxbethune.net\/index.php\/wp-json\/wp\/v2\/pages\/707\/revisions"}],"predecessor-version":[{"id":711,"href":"https:\/\/malrauxbethune.net\/index.php\/wp-json\/wp\/v2\/pages\/707\/revisions\/711"}],"wp:attachment":[{"href":"https:\/\/malrauxbethune.net\/index.php\/wp-json\/wp\/v2\/media?parent=707"}],"curies":[{"name":"wp","href":"https:\/\/api.w.org\/{rel}","templated":true}]}}