{"id":697,"date":"2024-02-22T16:49:08","date_gmt":"2024-02-22T15:49:08","guid":{"rendered":"http:\/\/malrauxbethune.net\/?page_id=697"},"modified":"2024-02-22T16:56:37","modified_gmt":"2024-02-22T15:56:37","slug":"le-bts-conception-et-realisation-de-systemes-automatiques","status":"publish","type":"page","link":"https:\/\/malrauxbethune.net\/index.php\/le-bts-conception-et-realisation-de-systemes-automatiques\/","title":{"rendered":"Le BTS Conception et R\u00e9alisation de Syst\u00e8mes Automatiques"},"content":{"rendered":"\n<h2 class=\"wp-block-heading\">La formation<\/h2>\n\n\n\n<p>Le BTS Conception et R\u00e9alisation de Syst\u00e8mes Automatiques, est un dipl\u00f4me de niveau Bac+2, ax\u00e9 sur les syst\u00e8mes automatiques.<\/p>\n\n\n\n<p>L\u2019objectif de ce BTS est de former l\u2019\u00e9l\u00e8ve \u00e0 concevoir les parties commandes et op\u00e9ratives, \u00e0 r\u00e9aliser et \u00e0 maintenir les syst\u00e8mes automatiques pr\u00e9sents dans de nombreux secteurs tels que l\u2019agroalimentaire, le textile, l\u2019automobile, la production d\u2019\u00e9nergie ou encore l\u2019industrie pharmaceutique\u2026<\/p>\n\n\n\n<h2 class=\"wp-block-heading\">Les stages<\/h2>\n\n\n\n<p>Il y a un stage m\u00e9tier de 6 semaines, en fin de 1\u00e8re ann\u00e9e de formation, qui permet aux \u00e9tudiants de se familiariser avec l\u2019entreprise, de comprendre son fonctionnement dans ses aspects techniques, ses savoir-faire et son organisation.<\/p>\n\n\n\n<h2 class=\"wp-block-heading\">Les crit\u00e8res d\u2019admission<\/h2>\n\n\n\n<p>Pour suivre la formation de BTS Conception et R\u00e9alisation de Syst\u00e8mes Automatiques,  il faut \u00eatre titulaire d\u2019un Bac STI2D, d\u2019un Bac G\u00e9n\u00e9ral ou d\u2019un Bac Pro sp\u00e9cialit\u00e9s MEI, MELEC&#8230;<\/p>\n\n\n\n<h2 class=\"wp-block-heading\">La poursuite d&#8217;\u00e9tudes et les d\u00e9bouch\u00e9s<\/h2>\n\n\n\n<p>Suite au BTS Conception et R\u00e9alisation de Syst\u00e8mes Automatiques, vous pouvez envisager une multitude d\u2019\u00e9tudes en Licences Professionnelles ou en \u00c9coles d\u2019Ing\u00e9nieurs :<\/p>\n\n\n\n<ul class=\"wp-block-list\">\n<li>Licence Professionnelle Automatique et Informatique Industrielle, <\/li>\n\n\n\n<li>\u00c9coles d\u2019Ing\u00e9nieurs en Automatisme,\u2026<\/li>\n<\/ul>\n\n\n\n<div class=\"wp-block-media-text is-stacked-on-mobile\"><figure class=\"wp-block-media-text__media\"><\/figure><div class=\"wp-block-media-text__content\">\n<p>T\u00e9l\u00e9charger notre plaquette BTS CRSA<\/p>\n<\/div><\/div>\n\n\n\n<p><strong>Ce BTS est \u00e9galement propos\u00e9 par la voie de l&#8217;apprentissage.<\/strong><\/p>\n","protected":false},"excerpt":{"rendered":"<p>La formation Le BTS Conception et R\u00e9alisation de Syst\u00e8mes Automatiques, est un dipl\u00f4me de niveau Bac+2, ax\u00e9 sur les syst\u00e8mes automatiques. L\u2019objectif de ce BTS est de former l\u2019\u00e9l\u00e8ve \u00e0 concevoir les parties commandes et op\u00e9ratives, \u00e0 r\u00e9aliser et \u00e0 maintenir les [&hellip;]<\/p>\n","protected":false},"author":1,"featured_media":0,"parent":0,"menu_order":0,"comment_status":"closed","ping_status":"closed","template":"","meta":{"footnotes":""},"class_list":["post-697","page","type-page","status-publish","hentry"],"_links":{"self":[{"href":"https:\/\/malrauxbethune.net\/index.php\/wp-json\/wp\/v2\/pages\/697","targetHints":{"allow":["GET"]}}],"collection":[{"href":"https:\/\/malrauxbethune.net\/index.php\/wp-json\/wp\/v2\/pages"}],"about":[{"href":"https:\/\/malrauxbethune.net\/index.php\/wp-json\/wp\/v2\/types\/page"}],"author":[{"embeddable":true,"href":"https:\/\/malrauxbethune.net\/index.php\/wp-json\/wp\/v2\/users\/1"}],"replies":[{"embeddable":true,"href":"https:\/\/malrauxbethune.net\/index.php\/wp-json\/wp\/v2\/comments?post=697"}],"version-history":[{"count":3,"href":"https:\/\/malrauxbethune.net\/index.php\/wp-json\/wp\/v2\/pages\/697\/revisions"}],"predecessor-version":[{"id":705,"href":"https:\/\/malrauxbethune.net\/index.php\/wp-json\/wp\/v2\/pages\/697\/revisions\/705"}],"wp:attachment":[{"href":"https:\/\/malrauxbethune.net\/index.php\/wp-json\/wp\/v2\/media?parent=697"}],"curies":[{"name":"wp","href":"https:\/\/api.w.org\/{rel}","templated":true}]}}