{"id":689,"date":"2024-02-22T16:17:57","date_gmt":"2024-02-22T15:17:57","guid":{"rendered":"http:\/\/malrauxbethune.net\/?page_id=689"},"modified":"2024-02-22T16:51:23","modified_gmt":"2024-02-22T15:51:23","slug":"le-bts-conception-de-produits-industriels","status":"publish","type":"page","link":"https:\/\/malrauxbethune.net\/index.php\/le-bts-conception-de-produits-industriels\/","title":{"rendered":"Le BTS Conception de produits industriels"},"content":{"rendered":"\n<h2 class=\"wp-block-heading\">La formation<\/h2>\n\n\n\n<p>Le BTS Conception de Produits Industriels, est un dipl\u00f4me de niveau Bac +2, ax\u00e9 sur la construction m\u00e9canique et le comportement des syst\u00e8mes techniques.<\/p>\n\n\n\n<p>L\u2019objectif de ce BTS est de former l\u2019\u00e9l\u00e8ve \u00e0 modifier, am\u00e9liorer ou cr\u00e9er des produits industriels avec des outils de CAO 3D. Vous exploiterez des mod\u00e8les 3D, cr\u00e9erez des prototypes et optimiserez des proc\u00e9d\u00e9s afin d\u2019\u00e9laborer un produit conforme aux  exigences du client.<\/p>\n\n\n\n<h2 class=\"wp-block-heading\">Les stages<\/h2>\n\n\n\n<p>Il y a un stage m\u00e9tier de 6 semaines, en fin de 1\u00e8re ann\u00e9e de formation, qui permet aux \u00e9tudiants de prendre la mesure des r\u00e9alit\u00e9s techniques et \u00e9conomiques de l\u2019entreprise.<\/p>\n\n\n\n<h2 class=\"wp-block-heading\">Les crit\u00e8res d\u2019admission<\/h2>\n\n\n\n<p>Pour suivre la formation de BTS Conception de Produits, il faut \u00eatre titulaire d\u2019un un Bac STI2D, d\u2019un Bac G\u00e9n\u00e9ral ou d\u2019un Bac Pro sp\u00e9cialit\u00e9 EDPI&#8230;<\/p>\n\n\n\n<h2 class=\"wp-block-heading\">La poursuite d&#8217;\u00e9tudes et les d\u00e9bouch\u00e9s<\/h2>\n\n\n\n<p>Suite au BTS Conception de Produits Industriels, vous pouvez envisager une multitude d\u2019\u00e9tudes :<\/p>\n\n\n\n<ul class=\"wp-block-list\">\n<li>3\u00e8me ann\u00e9e de Bachelor de Technologie M\u00e9canique \u00e0 l\u2019ENSAM Lille (si vous avez suivi la double formation au lyc\u00e9e : BTS CPI et Bachelor de Technologie dans le cadre du partenariat LGT Malraux et ENSAM),<\/li>\n\n\n\n<li>Licence Professionnelle M\u00e9canique, (avec sp\u00e9cialit\u00e9s) <\/li>\n\n\n\n<li>\u00c9cole d\u2019Ing\u00e9nieur en M\u00e9canique,\u2026<\/li>\n<\/ul>\n\n\n\n<div class=\"wp-block-media-text is-stacked-on-mobile\"><figure class=\"wp-block-media-text__media\"><\/figure><div class=\"wp-block-media-text__content\">\n<p>T\u00e9l\u00e9charger notre plaquette BTS CPI<\/p>\n<\/div><\/div>\n","protected":false},"excerpt":{"rendered":"<p>La formation Le BTS Conception de Produits Industriels, est un dipl\u00f4me de niveau Bac +2, ax\u00e9 sur la construction m\u00e9canique et le comportement des syst\u00e8mes techniques. L\u2019objectif de ce BTS est de former l\u2019\u00e9l\u00e8ve \u00e0 modifier, am\u00e9liorer ou cr\u00e9er des produits industriels [&hellip;]<\/p>\n","protected":false},"author":1,"featured_media":0,"parent":0,"menu_order":0,"comment_status":"closed","ping_status":"closed","template":"","meta":{"footnotes":""},"class_list":["post-689","page","type-page","status-publish","hentry"],"_links":{"self":[{"href":"https:\/\/malrauxbethune.net\/index.php\/wp-json\/wp\/v2\/pages\/689","targetHints":{"allow":["GET"]}}],"collection":[{"href":"https:\/\/malrauxbethune.net\/index.php\/wp-json\/wp\/v2\/pages"}],"about":[{"href":"https:\/\/malrauxbethune.net\/index.php\/wp-json\/wp\/v2\/types\/page"}],"author":[{"embeddable":true,"href":"https:\/\/malrauxbethune.net\/index.php\/wp-json\/wp\/v2\/users\/1"}],"replies":[{"embeddable":true,"href":"https:\/\/malrauxbethune.net\/index.php\/wp-json\/wp\/v2\/comments?post=689"}],"version-history":[{"count":7,"href":"https:\/\/malrauxbethune.net\/index.php\/wp-json\/wp\/v2\/pages\/689\/revisions"}],"predecessor-version":[{"id":701,"href":"https:\/\/malrauxbethune.net\/index.php\/wp-json\/wp\/v2\/pages\/689\/revisions\/701"}],"wp:attachment":[{"href":"https:\/\/malrauxbethune.net\/index.php\/wp-json\/wp\/v2\/media?parent=689"}],"curies":[{"name":"wp","href":"https:\/\/api.w.org\/{rel}","templated":true}]}}