{"id":681,"date":"2024-02-22T16:04:42","date_gmt":"2024-02-22T15:04:42","guid":{"rendered":"http:\/\/malrauxbethune.net\/?page_id=681"},"modified":"2024-02-22T17:28:18","modified_gmt":"2024-02-22T16:28:18","slug":"le-bts-cybersecurite-informatique-et-reseaux-electroniques","status":"publish","type":"page","link":"https:\/\/malrauxbethune.net\/index.php\/le-bts-cybersecurite-informatique-et-reseaux-electroniques\/","title":{"rendered":"Le BTS Cybers\u00e9curit\u00e9, informatique et r\u00e9seaux \u00e9lectroniques"},"content":{"rendered":"\n<h2 class=\"wp-block-heading\">La formation<\/h2>\n\n\n\n<p>Le BTS CIEL option Informatique et R\u00e9seaux, est un dipl\u00f4me de niveau Bac +2, ax\u00e9 sur les concepts et m\u00e9thodes de l\u2019informatique.<\/p>\n\n\n\n<p>L\u2019objectif de ce BTS est d\u2019initier \u00e0 la cybers\u00e9curit\u00e9, de former l\u2019\u00e9l\u00e8ve \u00e0 d\u00e9velopper et exploiter des applications num\u00e9riques pour tous types d\u2019industries, \u00e0 maintenir en \u00e9tat de fonctionnement des r\u00e9seaux, \u00e0 la s\u00e9curisation ainsi qu\u2019au bon fonctionnement de la programmation (client\/serveur, cloud computing).<\/p>\n\n\n\n<h2 class=\"wp-block-heading\">Les stages<\/h2>\n\n\n\n<p>Un stage m\u00e9tier de 6 semaines est organis\u00e9, en fin de 1\u00e8re ann\u00e9e de formation, permettant aux \u00e9tudiants de compl\u00e9ter et d\u2019am\u00e9liorer leur perception du milieu professionnel et des probl\u00e9matiques li\u00e9es \u00e0 l\u2019exercice du m\u00e9tier.<\/p>\n\n\n\n<h2 class=\"wp-block-heading\">Les crit\u00e8res d\u2019admission<\/h2>\n\n\n\n<p>Pour suivre la formation de BTS CIEL option Informatique et R\u00e9seaux, il faut \u00eatre titulaire d\u2019un un Bac STI2D, d\u2019un Bac G\u00e9n\u00e9ral ou d\u2019un Bac Pro sp\u00e9cialit\u00e9 CIEL (ex bac pro SN).<\/p>\n\n\n\n<h2 class=\"wp-block-heading\">La poursuite d&#8217;\u00e9tudes et les d\u00e9bouch\u00e9s<\/h2>\n\n\n\n<p>Suite au BTS CIEL option Informatique et R\u00e9seaux, vous pouvez envisager une multitude d\u2019\u00e9tudes.<\/p>\n\n\n\n<div class=\"wp-block-media-text is-stacked-on-mobile\"><figure class=\"wp-block-media-text__media\"><\/figure><div class=\"wp-block-media-text__content\">\n<p>T\u00e9l\u00e9charger notre plaquette BTS CIEL<\/p>\n<\/div><\/div>\n\n\n\n<p><strong>Ce BTS est \u00e9galement propos\u00e9 par la voie de l&#8217;apprentissage.<\/strong><\/p>\n","protected":false},"excerpt":{"rendered":"<p>La formation Le BTS CIEL option Informatique et R\u00e9seaux, est un dipl\u00f4me de niveau Bac +2, ax\u00e9 sur les concepts et m\u00e9thodes de l\u2019informatique. L\u2019objectif de ce BTS est d\u2019initier \u00e0 la cybers\u00e9curit\u00e9, de former l\u2019\u00e9l\u00e8ve \u00e0 d\u00e9velopper et exploiter des applications [&hellip;]<\/p>\n","protected":false},"author":1,"featured_media":0,"parent":0,"menu_order":0,"comment_status":"closed","ping_status":"closed","template":"","meta":{"footnotes":""},"class_list":["post-681","page","type-page","status-publish","hentry"],"_links":{"self":[{"href":"https:\/\/malrauxbethune.net\/index.php\/wp-json\/wp\/v2\/pages\/681","targetHints":{"allow":["GET"]}}],"collection":[{"href":"https:\/\/malrauxbethune.net\/index.php\/wp-json\/wp\/v2\/pages"}],"about":[{"href":"https:\/\/malrauxbethune.net\/index.php\/wp-json\/wp\/v2\/types\/page"}],"author":[{"embeddable":true,"href":"https:\/\/malrauxbethune.net\/index.php\/wp-json\/wp\/v2\/users\/1"}],"replies":[{"embeddable":true,"href":"https:\/\/malrauxbethune.net\/index.php\/wp-json\/wp\/v2\/comments?post=681"}],"version-history":[{"count":4,"href":"https:\/\/malrauxbethune.net\/index.php\/wp-json\/wp\/v2\/pages\/681\/revisions"}],"predecessor-version":[{"id":706,"href":"https:\/\/malrauxbethune.net\/index.php\/wp-json\/wp\/v2\/pages\/681\/revisions\/706"}],"wp:attachment":[{"href":"https:\/\/malrauxbethune.net\/index.php\/wp-json\/wp\/v2\/media?parent=681"}],"curies":[{"name":"wp","href":"https:\/\/api.w.org\/{rel}","templated":true}]}}