{"id":679,"date":"2024-02-22T15:57:35","date_gmt":"2024-02-22T14:57:35","guid":{"rendered":"http:\/\/malrauxbethune.net\/?page_id=679"},"modified":"2024-02-22T16:54:02","modified_gmt":"2024-02-22T15:54:02","slug":"bts-industriel","status":"publish","type":"page","link":"https:\/\/malrauxbethune.net\/index.php\/bts-industriel\/","title":{"rendered":"BTS Industriel"},"content":{"rendered":"\n<h2 class=\"wp-block-heading\">BTS Industriel<\/h2>\n\n\n\n<p><a href=\"http:\/\/malrauxbethune.net\/index.php\/le-bts-cybersecurite-informatique-et-reseaux-electroniques\/\">BTS CIEL (Cybers\u00e9curit\u00e9, informatique et r\u00e9seaux \u00e9lectroniques) Option A (Informatique et R\u00e9seaux)<\/a> <\/p>\n\n\n\n<p><a href=\"http:\/\/malrauxbethune.net\/index.php\/le-bts-conception-de-produits-industriels\/\">BTS CPI (Conception des produits industriels)<\/a><\/p>\n\n\n\n<p><a href=\"http:\/\/malrauxbethune.net\/index.php\/le-bts-conception-et-realisation-de-systemes-automatiques\/\">BTS CRSA (Conception et r\u00e9alisation de syst\u00e8mes automatiques)<\/a><\/p>\n","protected":false},"excerpt":{"rendered":"<p>BTS Industriel BTS CIEL (Cybers\u00e9curit\u00e9, informatique et r\u00e9seaux \u00e9lectroniques) Option A (Informatique et R\u00e9seaux) BTS CPI (Conception des produits industriels) BTS CRSA (Conception et r\u00e9alisation de syst\u00e8mes automatiques)<\/p>\n","protected":false},"author":1,"featured_media":0,"parent":0,"menu_order":0,"comment_status":"closed","ping_status":"closed","template":"","meta":{"footnotes":""},"class_list":["post-679","page","type-page","status-publish","hentry"],"_links":{"self":[{"href":"https:\/\/malrauxbethune.net\/index.php\/wp-json\/wp\/v2\/pages\/679","targetHints":{"allow":["GET"]}}],"collection":[{"href":"https:\/\/malrauxbethune.net\/index.php\/wp-json\/wp\/v2\/pages"}],"about":[{"href":"https:\/\/malrauxbethune.net\/index.php\/wp-json\/wp\/v2\/types\/page"}],"author":[{"embeddable":true,"href":"https:\/\/malrauxbethune.net\/index.php\/wp-json\/wp\/v2\/users\/1"}],"replies":[{"embeddable":true,"href":"https:\/\/malrauxbethune.net\/index.php\/wp-json\/wp\/v2\/comments?post=679"}],"version-history":[{"count":6,"href":"https:\/\/malrauxbethune.net\/index.php\/wp-json\/wp\/v2\/pages\/679\/revisions"}],"predecessor-version":[{"id":703,"href":"https:\/\/malrauxbethune.net\/index.php\/wp-json\/wp\/v2\/pages\/679\/revisions\/703"}],"wp:attachment":[{"href":"https:\/\/malrauxbethune.net\/index.php\/wp-json\/wp\/v2\/media?parent=679"}],"curies":[{"name":"wp","href":"https:\/\/api.w.org\/{rel}","templated":true}]}}