{"id":505,"date":"2024-01-29T16:18:36","date_gmt":"2024-01-29T15:18:36","guid":{"rendered":"http:\/\/malrauxbethune.net\/?page_id=505"},"modified":"2026-01-28T12:14:53","modified_gmt":"2026-01-28T11:14:53","slug":"apprentissage","status":"publish","type":"page","link":"https:\/\/malrauxbethune.net\/index.php\/apprentissage\/","title":{"rendered":"Apprentissage"},"content":{"rendered":"\n<h6 class=\"wp-block-heading\">BTS TERTIAIRE<\/h6>\n\n\n\n<p><a href=\"http:\/\/malrauxbethune.net\/index.php\/le-bts-mco-en-alternance\/\">BTS Management commercial op\u00e9rationnel (MCO)<\/a><\/p>\n\n\n\n<p><\/p>\n\n\n\n<h6 class=\"wp-block-heading\">BTS INDUSTRIEL<\/h6>\n\n\n\n<p><a href=\"http:\/\/malrauxbethune.net\/index.php\/le-bts-crsa-en-alternance\/\">BTS Conception et r\u00e9alisation de syst\u00e8mes automatiques (CRSA)<\/a><\/p>\n\n\n\n<p>BTS Cybers\u00e9curit\u00e9, Informatique et r\u00e9seaux, \u00c9lectronique (CIEL)<\/p>\n\n\n\n<p class=\"has-text-align-left has-large-font-size\" style=\"font-style:normal;font-weight:800\"><strong>LE DSCG<\/strong><\/p>\n\n\n\n<div data-wp-interactive=\"core\/file\" class=\"wp-block-file\"><object data-wp-bind--hidden=\"!state.hasPdfPreview\" hidden class=\"wp-block-file__embed\" data=\"https:\/\/malrauxbethune.net\/wp-content\/uploads\/2026\/01\/Powerpoint-DSCG-sITE-iNTERNET.pdf\" type=\"application\/pdf\" style=\"width:100%;height:600px\" aria-label=\"Embed of Powerpoint-DSCG-sIT-iNTERNET.\"><\/object><a id=\"wp-block-file--media-8aded637-ba5e-4339-b55d-164e56316379\" href=\"https:\/\/malrauxbethune.net\/wp-content\/uploads\/2026\/01\/Powerpoint-DSCG-sITE-iNTERNET.pdf\">Powerpoint-DSCG-sIT-iNTERNET<\/a><a href=\"https:\/\/malrauxbethune.net\/wp-content\/uploads\/2026\/01\/Powerpoint-DSCG-sITE-iNTERNET.pdf\" class=\"wp-block-file__button wp-element-button\" download aria-describedby=\"wp-block-file--media-8aded637-ba5e-4339-b55d-164e56316379\">T\u00e9l\u00e9charger<\/a><\/div>\n\n\n\n<figure class=\"wp-block-image size-large\"><img loading=\"lazy\" decoding=\"async\" width=\"724\" height=\"1024\" src=\"https:\/\/malrauxbethune.net\/wp-content\/uploads\/2026\/01\/Livret-secteur-tertiaire-724x1024.jpg\" alt=\"\" class=\"wp-image-1164\" srcset=\"https:\/\/malrauxbethune.net\/wp-content\/uploads\/2026\/01\/Livret-secteur-tertiaire-724x1024.jpg 724w, https:\/\/malrauxbethune.net\/wp-content\/uploads\/2026\/01\/Livret-secteur-tertiaire-212x300.jpg 212w, https:\/\/malrauxbethune.net\/wp-content\/uploads\/2026\/01\/Livret-secteur-tertiaire-768x1086.jpg 768w, https:\/\/malrauxbethune.net\/wp-content\/uploads\/2026\/01\/Livret-secteur-tertiaire-1086x1536.jpg 1086w, https:\/\/malrauxbethune.net\/wp-content\/uploads\/2026\/01\/Livret-secteur-tertiaire-541x765.jpg 541w, https:\/\/malrauxbethune.net\/wp-content\/uploads\/2026\/01\/Livret-secteur-tertiaire.jpg 1414w\" sizes=\"auto, (max-width: 724px) 100vw, 724px\" \/><\/figure>\n","protected":false},"excerpt":{"rendered":"<p>BTS TERTIAIRE BTS Management commercial op\u00e9rationnel (MCO) BTS INDUSTRIEL BTS Conception et r\u00e9alisation de syst\u00e8mes automatiques (CRSA) BTS Cybers\u00e9curit\u00e9, Informatique et r\u00e9seaux, \u00c9lectronique (CIEL) LE DSCG<\/p>\n","protected":false},"author":1,"featured_media":0,"parent":0,"menu_order":0,"comment_status":"closed","ping_status":"closed","template":"","meta":{"footnotes":""},"class_list":["post-505","page","type-page","status-publish","hentry"],"_links":{"self":[{"href":"https:\/\/malrauxbethune.net\/index.php\/wp-json\/wp\/v2\/pages\/505","targetHints":{"allow":["GET"]}}],"collection":[{"href":"https:\/\/malrauxbethune.net\/index.php\/wp-json\/wp\/v2\/pages"}],"about":[{"href":"https:\/\/malrauxbethune.net\/index.php\/wp-json\/wp\/v2\/types\/page"}],"author":[{"embeddable":true,"href":"https:\/\/malrauxbethune.net\/index.php\/wp-json\/wp\/v2\/users\/1"}],"replies":[{"embeddable":true,"href":"https:\/\/malrauxbethune.net\/index.php\/wp-json\/wp\/v2\/comments?post=505"}],"version-history":[{"count":7,"href":"https:\/\/malrauxbethune.net\/index.php\/wp-json\/wp\/v2\/pages\/505\/revisions"}],"predecessor-version":[{"id":1165,"href":"https:\/\/malrauxbethune.net\/index.php\/wp-json\/wp\/v2\/pages\/505\/revisions\/1165"}],"wp:attachment":[{"href":"https:\/\/malrauxbethune.net\/index.php\/wp-json\/wp\/v2\/media?parent=505"}],"curies":[{"name":"wp","href":"https:\/\/api.w.org\/{rel}","templated":true}]}}