{"id":473,"date":"2024-01-26T14:30:34","date_gmt":"2024-01-26T13:30:34","guid":{"rendered":"http:\/\/malrauxbethune.net\/?page_id=473"},"modified":"2026-03-30T13:43:36","modified_gmt":"2026-03-30T11:43:36","slug":"le-dcg","status":"publish","type":"page","link":"https:\/\/malrauxbethune.net\/index.php\/le-dcg\/","title":{"rendered":"Le DCG"},"content":{"rendered":"\n<figure class=\"wp-block-image aligncenter size-full is-resized\"><img loading=\"lazy\" decoding=\"async\" width=\"350\" height=\"239\" src=\"http:\/\/malrauxbethune.net\/wp-content\/uploads\/2024\/01\/image-DCG.png\" alt=\"\" class=\"wp-image-474\" style=\"width:286px;height:auto\" srcset=\"https:\/\/malrauxbethune.net\/wp-content\/uploads\/2024\/01\/image-DCG.png 350w, https:\/\/malrauxbethune.net\/wp-content\/uploads\/2024\/01\/image-DCG-300x205.png 300w\" sizes=\"auto, (max-width: 350px) 100vw, 350px\" \/><\/figure>\n\n\n\n<p><strong><u>Le Dipl\u00f4me de Comptabilit\u00e9 et de Gestion <\/u><\/strong><strong>(grade Licence)<\/strong><\/p>\n\n\n\n<p>Avec le DCG, vous acc\u00e9dez \u00e0 des postes :<\/p>\n\n\n\n<ul class=\"wp-block-list\">\n<li>En cabinet : collaborateur d\u2019expertise comptable et d\u2019audit (gestion d\u2019un portefeuille client, \u00e9tablissement des comptes annuels, suivi des stocks, \u00e9tablissement des paies, participation \u00e0 des missions d\u2019audit et de conseil\u2026).<\/li>\n\n\n\n<li>En entreprise : sp\u00e9cialiste de la comptabilit\u00e9 financi\u00e8re au sein des services comptable, financier, du contr\u00f4le de gestion.<\/li>\n<\/ul>\n\n\n\n<p>Le DCG se pr\u00e9pare en 3 ans.&nbsp;<br>Par le jeu des dispenses, plusieurs autres fili\u00e8res conduisent au DCG en passant les UE manquantes :<\/p>\n\n\n\n<ul class=\"wp-block-list\">\n<li>le BTS CG (Comptabilit\u00e9 &#8211; Gestion),<\/li>\n\n\n\n<li>le DUT GEA (Gestion des Entreprises et des Administrations).<\/li>\n<\/ul>\n\n\n\n<p>Vous \u00eates titulaire d\u2019un BTS CG ou d\u2018un DUT GEA et vous souhaitez postuler en deuxi\u00e8me ann\u00e9e de DCG, vous pouvez t\u00e9l\u00e9charger sur cette page le dossier de candidature.<\/p>\n\n\n\n<p>Le titulaire du DCG peut ensuite envisager le m\u00e9tier d\u2019expert-comptable.<\/p>\n\n\n\n<p>L\u2019expert-comptable est un professionnel titulaire du dipl\u00f4me d\u2019expertise comptable qu\u2019il passe apr\u00e8s avoir obtenu le Dipl\u00f4me Sup\u00e9rieur de Comptabilit\u00e9 et de Gestion (DSCG, grade de master) et avoir effectu\u00e9 un stage de 3 ans en cabinet, en qualit\u00e9 d\u2019expert-comptable stagiaire.<\/p>\n\n\n\n<figure class=\"wp-block-image size-large\"><a href=\"https:\/\/view.genial.ly\/61bc6e52334c1c0dd191d7c1\/presentation-dcg-lycee-andre-malraux-a-bethune\"><img loading=\"lazy\" decoding=\"async\" width=\"1024\" height=\"572\" src=\"http:\/\/malrauxbethune.net\/wp-content\/uploads\/2024\/01\/GENIALLY-DCG-1024x572.png\" alt=\"\" class=\"wp-image-475\" srcset=\"https:\/\/malrauxbethune.net\/wp-content\/uploads\/2024\/01\/GENIALLY-DCG-1024x572.png 1024w, https:\/\/malrauxbethune.net\/wp-content\/uploads\/2024\/01\/GENIALLY-DCG-300x168.png 300w, https:\/\/malrauxbethune.net\/wp-content\/uploads\/2024\/01\/GENIALLY-DCG-768x429.png 768w, https:\/\/malrauxbethune.net\/wp-content\/uploads\/2024\/01\/GENIALLY-DCG.png 1235w\" sizes=\"auto, (max-width: 1024px) 100vw, 1024px\" \/><\/a><\/figure>\n\n\n\n<figure class=\"wp-block-image size-large\"><img loading=\"lazy\" decoding=\"async\" width=\"1024\" height=\"725\" src=\"https:\/\/malrauxbethune.net\/wp-content\/uploads\/2026\/01\/Depliant-DCG-MAJ-2026_page-0001-1-1024x725.jpg\" alt=\"\" class=\"wp-image-1137\" srcset=\"https:\/\/malrauxbethune.net\/wp-content\/uploads\/2026\/01\/Depliant-DCG-MAJ-2026_page-0001-1-1024x725.jpg 1024w, https:\/\/malrauxbethune.net\/wp-content\/uploads\/2026\/01\/Depliant-DCG-MAJ-2026_page-0001-1-300x212.jpg 300w, https:\/\/malrauxbethune.net\/wp-content\/uploads\/2026\/01\/Depliant-DCG-MAJ-2026_page-0001-1-768x543.jpg 768w, https:\/\/malrauxbethune.net\/wp-content\/uploads\/2026\/01\/Depliant-DCG-MAJ-2026_page-0001-1-1536x1087.jpg 1536w, https:\/\/malrauxbethune.net\/wp-content\/uploads\/2026\/01\/Depliant-DCG-MAJ-2026_page-0001-1-1081x765.jpg 1081w, https:\/\/malrauxbethune.net\/wp-content\/uploads\/2026\/01\/Depliant-DCG-MAJ-2026_page-0001-1.jpg 1754w\" sizes=\"auto, (max-width: 1024px) 100vw, 1024px\" \/><\/figure>\n\n\n\n<figure class=\"wp-block-image size-large\"><img loading=\"lazy\" decoding=\"async\" width=\"1024\" height=\"725\" src=\"https:\/\/malrauxbethune.net\/wp-content\/uploads\/2026\/01\/Depliant-DCG-MAJ-2026_page-0002-1024x725.jpg\" alt=\"\" class=\"wp-image-1138\" srcset=\"https:\/\/malrauxbethune.net\/wp-content\/uploads\/2026\/01\/Depliant-DCG-MAJ-2026_page-0002-1024x725.jpg 1024w, https:\/\/malrauxbethune.net\/wp-content\/uploads\/2026\/01\/Depliant-DCG-MAJ-2026_page-0002-300x212.jpg 300w, https:\/\/malrauxbethune.net\/wp-content\/uploads\/2026\/01\/Depliant-DCG-MAJ-2026_page-0002-768x543.jpg 768w, https:\/\/malrauxbethune.net\/wp-content\/uploads\/2026\/01\/Depliant-DCG-MAJ-2026_page-0002-1536x1087.jpg 1536w, https:\/\/malrauxbethune.net\/wp-content\/uploads\/2026\/01\/Depliant-DCG-MAJ-2026_page-0002-1081x765.jpg 1081w, https:\/\/malrauxbethune.net\/wp-content\/uploads\/2026\/01\/Depliant-DCG-MAJ-2026_page-0002.jpg 1754w\" sizes=\"auto, (max-width: 1024px) 100vw, 1024px\" \/><\/figure>\n\n\n\n<p><strong>Vous souhaitez d\u00e9couvrir le DCG au travers d\u2019une immersion (Janvier \u2013 avril) ?<\/strong><\/p>\n\n\n\n<p><strong><a href=\"https:\/\/docs.google.com\/forms\/d\/e\/1FAIpQLSdNrDRBKjxZ7CVd6bM1dnnrOFLGHthoT3Cxii0QmFENPviJeQ\/viewform\" target=\"_blank\" rel=\"noreferrer noopener\">Ce formulaire d\u2019inscription<\/a>&nbsp;est \u00e0 votre disposition<\/strong><\/p>\n\n\n\n<p><strong>Dossier de candidature<\/strong> : Demande d\u2019admission en section  Dipl\u00f4me de Comptabilit\u00e9 et de Gestion  DCG \u2013 2\u00e8me ann\u00e9e  Rentr\u00e9e 2026<\/p>\n\n\n\n<div data-wp-interactive=\"core\/file\" class=\"wp-block-file\"><object data-wp-bind--hidden=\"!state.hasPdfPreview\" hidden class=\"wp-block-file__embed\" data=\"https:\/\/malrauxbethune.net\/wp-content\/uploads\/2026\/03\/Dossier-candidature-DCG2-Malraux-Bethune-2026-1.pdf\" type=\"application\/pdf\" style=\"width:100%;height:600px\" aria-label=\"Embed of Dossier candidature DCG2 Malraux B\u00e9thune 2026.\"><\/object><a id=\"wp-block-file--media-e4116938-1f94-4054-86b8-84460dec8195\" href=\"https:\/\/malrauxbethune.net\/wp-content\/uploads\/2026\/03\/Dossier-candidature-DCG2-Malraux-Bethune-2026-1.pdf\">Dossier candidature DCG2 Malraux B\u00e9thune 2026<\/a><a href=\"https:\/\/malrauxbethune.net\/wp-content\/uploads\/2026\/03\/Dossier-candidature-DCG2-Malraux-Bethune-2026-1.pdf\" class=\"wp-block-file__button wp-element-button\" download aria-describedby=\"wp-block-file--media-e4116938-1f94-4054-86b8-84460dec8195\">T\u00e9l\u00e9charger<\/a><\/div>\n\n\n\n<p><\/p>\n","protected":false},"excerpt":{"rendered":"<p>Le Dipl\u00f4me de Comptabilit\u00e9 et de Gestion (grade Licence) Avec le DCG, vous acc\u00e9dez \u00e0 des postes : Le DCG se pr\u00e9pare en 3 ans.&nbsp;Par le jeu des dispenses, plusieurs autres fili\u00e8res conduisent au DCG en passant les UE manquantes : Vous [&hellip;]<\/p>\n","protected":false},"author":1,"featured_media":0,"parent":0,"menu_order":0,"comment_status":"closed","ping_status":"closed","template":"","meta":{"footnotes":""},"class_list":["post-473","page","type-page","status-publish","hentry"],"_links":{"self":[{"href":"https:\/\/malrauxbethune.net\/index.php\/wp-json\/wp\/v2\/pages\/473","targetHints":{"allow":["GET"]}}],"collection":[{"href":"https:\/\/malrauxbethune.net\/index.php\/wp-json\/wp\/v2\/pages"}],"about":[{"href":"https:\/\/malrauxbethune.net\/index.php\/wp-json\/wp\/v2\/types\/page"}],"author":[{"embeddable":true,"href":"https:\/\/malrauxbethune.net\/index.php\/wp-json\/wp\/v2\/users\/1"}],"replies":[{"embeddable":true,"href":"https:\/\/malrauxbethune.net\/index.php\/wp-json\/wp\/v2\/comments?post=473"}],"version-history":[{"count":10,"href":"https:\/\/malrauxbethune.net\/index.php\/wp-json\/wp\/v2\/pages\/473\/revisions"}],"predecessor-version":[{"id":1243,"href":"https:\/\/malrauxbethune.net\/index.php\/wp-json\/wp\/v2\/pages\/473\/revisions\/1243"}],"wp:attachment":[{"href":"https:\/\/malrauxbethune.net\/index.php\/wp-json\/wp\/v2\/media?parent=473"}],"curies":[{"name":"wp","href":"https:\/\/api.w.org\/{rel}","templated":true}]}}