{"id":413,"date":"2024-01-12T10:03:33","date_gmt":"2024-01-12T09:03:33","guid":{"rendered":"http:\/\/malrauxbethune.net\/?page_id=413"},"modified":"2024-01-12T10:30:30","modified_gmt":"2024-01-12T09:30:30","slug":"stmg","status":"publish","type":"page","link":"https:\/\/malrauxbethune.net\/index.php\/stmg\/","title":{"rendered":"STMG"},"content":{"rendered":"\n<h2 class=\"wp-block-heading\">Objectifs de formation<\/h2>\n\n\n\n<p>Le Bac STMG (Sciences et Technologies du Management et de la Gestion) aborde les grandes questions de la gestion des organisations, par exemple : le r\u00f4le du facteur humain, les diff\u00e9rentes approches de la valeur, l\u2019information et la communication, etc.<br>Il s\u2019adresse aux \u00e9l\u00e8ves int\u00e9ress\u00e9s par la r\u00e9alit\u00e9 du fonctionnement des organisations, les relations au travail, les nouveaux usages du num\u00e9rique, le marketing, la recherche et la mesure de la performance, l\u2019analyse des d\u00e9cisions et l\u2019impact des strat\u00e9gies d\u2019entreprise.<br>Les bacheliers STMG peuvent envisager des poursuites d\u2019\u00e9tudes diversifi\u00e9es : BTS, DUT, Licence Pro, DCG etc. . .<\/p>\n\n\n\n<p><\/p>\n\n\n\n<h2 class=\"wp-block-heading\">Les enseignements<\/h2>\n\n\n\n<figure class=\"wp-block-table\"><table><tbody><tr><td><strong><em>Enseignements communs<\/em><\/strong><\/td><td class=\"has-text-align-right\" data-align=\"right\"><strong><em>1\u00e8re<\/em><\/strong><\/td><td class=\"has-text-align-right\" data-align=\"right\"><strong><em>Terminale<\/em><\/strong><\/td><\/tr><tr><td>Fran\u00e7ais<\/td><td class=\"has-text-align-right\" data-align=\"right\">3h00<\/td><td class=\"has-text-align-right\" data-align=\"right\"><\/td><\/tr><tr><td>Philosophie<\/td><td class=\"has-text-align-right\" data-align=\"right\"><\/td><td class=\"has-text-align-right\" data-align=\"right\">2h00<\/td><\/tr><tr><td>Math\u00e9matiques<\/td><td class=\"has-text-align-right\" data-align=\"right\">3h00<\/td><td class=\"has-text-align-right\" data-align=\"right\">3h00<\/td><\/tr><tr><td>Histoire-G\u00e9ographie<\/td><td class=\"has-text-align-right\" data-align=\"right\">1h30<\/td><td class=\"has-text-align-right\" data-align=\"right\">1h30<\/td><\/tr><tr><td>Langues Vivantes A et B<br>(dont 1h00 d&#8217;enseignement technologique en langue vivante)<\/td><td class=\"has-text-align-right\" data-align=\"right\">4h00<\/td><td class=\"has-text-align-right\" data-align=\"right\">4h00<\/td><\/tr><tr><td>\u00c9ducation Physique et Sportive<\/td><td class=\"has-text-align-right\" data-align=\"right\">2h00<\/td><td class=\"has-text-align-right\" data-align=\"right\">2h00<\/td><\/tr><tr><td>Enseignement Scientifique<\/td><td class=\"has-text-align-right\" data-align=\"right\">2h00<\/td><td class=\"has-text-align-right\" data-align=\"right\">2h00<\/td><\/tr><tr><td>Enseignement Moral et Civique<\/td><td class=\"has-text-align-right\" data-align=\"right\">0,5h<\/td><td class=\"has-text-align-right\" data-align=\"right\">0,5h<\/td><\/tr><tr><td>Accompagnement Personnalis\u00e9<\/td><td class=\"has-text-align-right\" data-align=\"right\">Selon<br>besoins<br>de l\u2019\u00e9l\u00e8ve<\/td><td class=\"has-text-align-right\" data-align=\"right\">Selon<br>besoins<br>de l\u2019\u00e9l\u00e8ve<\/td><\/tr><tr><td>\u00c9ducation au choix de l\u2019Orientation<\/td><td class=\"has-text-align-right\" data-align=\"right\">54h00<br>annuelles<\/td><td class=\"has-text-align-right\" data-align=\"right\">54h00 annuelles<\/td><\/tr><tr><td>Heures de Vie de Classe<\/td><td class=\"has-text-align-right\" data-align=\"right\">10h00<br>annuelles<\/td><td class=\"has-text-align-right\" data-align=\"right\">10h00<br>annuelles<\/td><\/tr><tr><td><strong><em>Enseignements de sp\u00e9cialit\u00e9<\/em><\/strong><\/td><td class=\"has-text-align-right\" data-align=\"right\"><strong><em>1\u00e8re<\/em><\/strong><\/td><td class=\"has-text-align-right\" data-align=\"right\"><strong><em>Terminale<\/em><\/strong><\/td><\/tr><tr><td>Sciences de Gestion et Num\u00e9rique<\/td><td class=\"has-text-align-right\" data-align=\"right\">7h00<\/td><td class=\"has-text-align-right\" data-align=\"right\"><\/td><\/tr><tr><td>Management<\/td><td class=\"has-text-align-right\" data-align=\"right\">4h00<\/td><td class=\"has-text-align-right\" data-align=\"right\"><\/td><\/tr><tr><td>Management, Sciences de Gestion et Num\u00e9rique, avec 1 enseignement sp\u00e9cifique parmi :<br>&#8211; Gestion et Finance,<br>&#8211; Mercatique (Marketing),<br>&#8211; Ressources Humaines et Communication.<\/td><td class=\"has-text-align-right\" data-align=\"right\"><\/td><td class=\"has-text-align-right\" data-align=\"right\">10h00<\/td><\/tr><tr><td>Droit et \u00c9conomie<\/td><td class=\"has-text-align-right\" data-align=\"right\">4h00<\/td><td class=\"has-text-align-right\" data-align=\"right\">6h00<\/td><\/tr><\/tbody><\/table><\/figure>\n\n\n\n<h2 class=\"wp-block-heading\">Les sp\u00e9cialit\u00e9s<\/h2>\n\n\n\n<p><strong><em>Gestion et Finance<\/em><\/strong><\/p>\n\n\n\n<p>Cette sp\u00e9cialit\u00e9 \u00e9tudie :<br>&#8211; le processus de cr\u00e9ation de la valeur,- la mesure de la performance,<br>&#8211; les choix financiers et leurs impacts sur l\u2018entreprise et ses acteurs.<br><br>Le titulaire du Baccalaur\u00e9at STMG sp\u00e9cialit\u00e9 GF peut ensuite int\u00e9grer un DUT (GEA par exemple), le BTS Comptabilit\u00e9 et Gestionou le Dipl\u00f4me de Comptabilit\u00e9 et Gestion et ensuite le Dipl\u00f4me Sup\u00e9rieur de Comptabilit\u00e9 et Gestion du Lyc\u00e9e Malraux.<\/p>\n\n\n\n<p><\/p>\n\n\n\n<p><strong><em>Mercatique (Marketing<\/em><\/strong>)<\/p>\n\n\n\n<p>Cette sp\u00e9cialit\u00e9 porte sur la ma\u00eetrise du march\u00e9, du point de vue du producteur comme du point de vue du consommateur, et l\u2019impact des strat\u00e9gies de communication. Le titulaire du Baccalaur\u00e9at STMG sp\u00e9cialit\u00e9 mercatique peut ensuite int\u00e9grer un BTS, DUT et autres formations technologiques sup\u00e9rieures en Management Commercial Op\u00e9rationnel, N\u00e9gociation et Digitalisation de la Relation Client\u00e8le, Commerce International, Communication des Entreprises, Techniques de Commercialisation, Transport et Tourisme, les formations universitaires relevant des Sciences de Gestion, du Marketing, du Tourisme, de la Vente et de la Publicit\u00e9<\/p>\n\n\n\n<p><\/p>\n\n\n\n<p><strong><em>Ressources Humaines et communication<\/em><\/strong><\/p>\n\n\n\n<p>Cette sp\u00e9cialit\u00e9 examine la dimension humaine de l\u2019organisation et les logiques de valorisation et d\u2019organisation du travail des acteurs au sein de l\u2019organisation.<br>Le titulaire du Baccalaur\u00e9at STMG sp\u00e9cialit\u00e9 RHC peut ensuite int\u00e9grer un BTS ou DUT<br>Communication, Gestion Administrative, Gestion des Ressources Humaines, Gestion<br>des Petites et Moyennes Entreprises.<\/p>\n","protected":false},"excerpt":{"rendered":"<p>Objectifs de formation Le Bac STMG (Sciences et Technologies du Management et de la Gestion) aborde les grandes questions de la gestion des organisations, par exemple : le r\u00f4le du facteur humain, les diff\u00e9rentes approches de la valeur, l\u2019information et la communication, [&hellip;]<\/p>\n","protected":false},"author":1,"featured_media":0,"parent":0,"menu_order":0,"comment_status":"closed","ping_status":"closed","template":"","meta":{"footnotes":""},"class_list":["post-413","page","type-page","status-publish","hentry"],"_links":{"self":[{"href":"https:\/\/malrauxbethune.net\/index.php\/wp-json\/wp\/v2\/pages\/413","targetHints":{"allow":["GET"]}}],"collection":[{"href":"https:\/\/malrauxbethune.net\/index.php\/wp-json\/wp\/v2\/pages"}],"about":[{"href":"https:\/\/malrauxbethune.net\/index.php\/wp-json\/wp\/v2\/types\/page"}],"author":[{"embeddable":true,"href":"https:\/\/malrauxbethune.net\/index.php\/wp-json\/wp\/v2\/users\/1"}],"replies":[{"embeddable":true,"href":"https:\/\/malrauxbethune.net\/index.php\/wp-json\/wp\/v2\/comments?post=413"}],"version-history":[{"count":5,"href":"https:\/\/malrauxbethune.net\/index.php\/wp-json\/wp\/v2\/pages\/413\/revisions"}],"predecessor-version":[{"id":418,"href":"https:\/\/malrauxbethune.net\/index.php\/wp-json\/wp\/v2\/pages\/413\/revisions\/418"}],"wp:attachment":[{"href":"https:\/\/malrauxbethune.net\/index.php\/wp-json\/wp\/v2\/media?parent=413"}],"curies":[{"name":"wp","href":"https:\/\/api.w.org\/{rel}","templated":true}]}}