{"id":403,"date":"2024-01-12T08:59:33","date_gmt":"2024-01-12T07:59:33","guid":{"rendered":"http:\/\/malrauxbethune.net\/?page_id=403"},"modified":"2024-01-12T09:52:19","modified_gmt":"2024-01-12T08:52:19","slug":"stl","status":"publish","type":"page","link":"https:\/\/malrauxbethune.net\/index.php\/stl\/","title":{"rendered":"STL"},"content":{"rendered":"\n<h2 class=\"wp-block-heading\">Objectifs de formation<\/h2>\n\n\n\n<p>Ils visent \u00e0 former les \u00e9l\u00e8ves aux m\u00e9thodes et d\u00e9marches scientifiques en mettant particuli\u00e8rement en avant la pratique exp\u00e9rimentale et l\u2019activit\u00e9 de mod\u00e9lisation.<br>L\u2019objectif est triple :<\/p>\n\n\n\n<ul class=\"wp-block-list\">\n<li>donner une vision authentique de la physique et de la chimie ;<\/li>\n\n\n\n<li>permettre de poursuivre des \u00e9tudes sup\u00e9rieures scientifiques et technologiques<br>dans de nombreux domaines (plasturgie, agroalimentaire, nucl\u00e9aire\u2026..) ;<\/li>\n\n\n\n<li>transmettre une culture scientifique et ainsi permettre aux \u00e9l\u00e8ves de faire face aux<br>\u00e9volutions scientifiques et technologiques qu\u2019ils rencontreront dans leurs activit\u00e9s professionnelles.<br><\/li>\n<\/ul>\n\n\n\n<p>Elle vise aussi \u00e0 former les \u00e9l\u00e8ves \u00e0 la d\u00e9marche de projet pour les amener \u00e0 mobiliser et \u00e0 r\u00e9investir les lois et mod\u00e8les \u00e9tudi\u00e9s dans les enseignements de sp\u00e9cialit\u00e9 de physique chimie, de math\u00e9matiques et de sciences physiques et chimiques en laboratoire<\/p>\n\n\n\n<p><\/p>\n\n\n\n<h2 class=\"wp-block-heading\">Les enseignements<\/h2>\n\n\n\n<figure class=\"wp-block-table\"><table><tbody><tr><td><strong><em>Enseignements communs<\/em><\/strong><\/td><td class=\"has-text-align-right\" data-align=\"right\"><strong><em>1\u00e8re<\/em><\/strong><\/td><td class=\"has-text-align-right\" data-align=\"right\"><strong><em>Terminale<\/em><\/strong><\/td><\/tr><tr><td>Fran\u00e7ais<\/td><td class=\"has-text-align-right\" data-align=\"right\">3h00<\/td><td class=\"has-text-align-right\" data-align=\"right\"><\/td><\/tr><tr><td>Philosophie<\/td><td class=\"has-text-align-right\" data-align=\"right\"><\/td><td class=\"has-text-align-right\" data-align=\"right\">2h00<\/td><\/tr><tr><td>Math\u00e9matiques<\/td><td class=\"has-text-align-right\" data-align=\"right\">3h00<\/td><td class=\"has-text-align-right\" data-align=\"right\">3h00<\/td><\/tr><tr><td>Histoire-G\u00e9ographie<\/td><td class=\"has-text-align-right\" data-align=\"right\">1h30<\/td><td class=\"has-text-align-right\" data-align=\"right\">1h30<\/td><\/tr><tr><td>Langues Vivantes A et B<br>(dont 1h00 d&#8217;enseignement technologique en langue vivante)<\/td><td class=\"has-text-align-right\" data-align=\"right\">4h00<\/td><td class=\"has-text-align-right\" data-align=\"right\">4h00<\/td><\/tr><tr><td>\u00c9ducation Physique et Sportive<\/td><td class=\"has-text-align-right\" data-align=\"right\">2h00<\/td><td class=\"has-text-align-right\" data-align=\"right\">2h00<\/td><\/tr><tr><td>Enseignement Scientifique<\/td><td class=\"has-text-align-right\" data-align=\"right\">2h00<\/td><td class=\"has-text-align-right\" data-align=\"right\">2h00<\/td><\/tr><tr><td>Enseignement Moral et Civique<\/td><td class=\"has-text-align-right\" data-align=\"right\">0,5h<\/td><td class=\"has-text-align-right\" data-align=\"right\">0,5h<\/td><\/tr><tr><td>Accompagnement Personnalis\u00e9<\/td><td class=\"has-text-align-right\" data-align=\"right\">Selon<br>besoins<br>de l\u2019\u00e9l\u00e8ve<\/td><td class=\"has-text-align-right\" data-align=\"right\">Selon<br>besoins<br>de l\u2019\u00e9l\u00e8ve<\/td><\/tr><tr><td>\u00c9ducation au choix de l\u2019Orientation<\/td><td class=\"has-text-align-right\" data-align=\"right\">54h00<br>annuelles<\/td><td class=\"has-text-align-right\" data-align=\"right\">54h00 annuelles<\/td><\/tr><tr><td>Heures de Vie de Classe<\/td><td class=\"has-text-align-right\" data-align=\"right\">10h00<br>annuelles<\/td><td class=\"has-text-align-right\" data-align=\"right\">10h00<br>annuelles<\/td><\/tr><tr><td><strong><em>Enseignements de sp\u00e9cialit\u00e9<\/em><\/strong><\/td><td class=\"has-text-align-right\" data-align=\"right\"><strong><em>1\u00e8re<\/em><\/strong><\/td><td class=\"has-text-align-right\" data-align=\"right\"><strong><em>Terminale<\/em><\/strong><\/td><\/tr><tr><td>Biochimie-Biologie<\/td><td class=\"has-text-align-right\" data-align=\"right\">4h00<\/td><td class=\"has-text-align-right\" data-align=\"right\"><\/td><\/tr><tr><td>Biotechnologie ou Sciences physiques et chimiques en laboratoire<\/td><td class=\"has-text-align-right\" data-align=\"right\">9h00<\/td><td class=\"has-text-align-right\" data-align=\"right\"><\/td><\/tr><tr><td>Physique-Chimie et Math\u00e9matiques<\/td><td class=\"has-text-align-right\" data-align=\"right\">5h00<\/td><td class=\"has-text-align-right\" data-align=\"right\">5h00<\/td><\/tr><tr><td>&#8211; Biochimie-Biologie-Biotechnologie<br>ou<br>&#8211; Sciences physiques et chimiques en laboratoire<\/td><td class=\"has-text-align-right\" data-align=\"right\"><\/td><td class=\"has-text-align-right\" data-align=\"right\">13h00<\/td><\/tr><\/tbody><\/table><\/figure>\n","protected":false},"excerpt":{"rendered":"<p>Objectifs de formation Ils visent \u00e0 former les \u00e9l\u00e8ves aux m\u00e9thodes et d\u00e9marches scientifiques en mettant particuli\u00e8rement en avant la pratique exp\u00e9rimentale et l\u2019activit\u00e9 de mod\u00e9lisation.L\u2019objectif est triple : Elle vise aussi \u00e0 former les \u00e9l\u00e8ves \u00e0 la d\u00e9marche de projet pour [&hellip;]<\/p>\n","protected":false},"author":1,"featured_media":0,"parent":0,"menu_order":0,"comment_status":"closed","ping_status":"closed","template":"","meta":{"footnotes":""},"class_list":["post-403","page","type-page","status-publish","hentry"],"_links":{"self":[{"href":"https:\/\/malrauxbethune.net\/index.php\/wp-json\/wp\/v2\/pages\/403","targetHints":{"allow":["GET"]}}],"collection":[{"href":"https:\/\/malrauxbethune.net\/index.php\/wp-json\/wp\/v2\/pages"}],"about":[{"href":"https:\/\/malrauxbethune.net\/index.php\/wp-json\/wp\/v2\/types\/page"}],"author":[{"embeddable":true,"href":"https:\/\/malrauxbethune.net\/index.php\/wp-json\/wp\/v2\/users\/1"}],"replies":[{"embeddable":true,"href":"https:\/\/malrauxbethune.net\/index.php\/wp-json\/wp\/v2\/comments?post=403"}],"version-history":[{"count":4,"href":"https:\/\/malrauxbethune.net\/index.php\/wp-json\/wp\/v2\/pages\/403\/revisions"}],"predecessor-version":[{"id":411,"href":"https:\/\/malrauxbethune.net\/index.php\/wp-json\/wp\/v2\/pages\/403\/revisions\/411"}],"wp:attachment":[{"href":"https:\/\/malrauxbethune.net\/index.php\/wp-json\/wp\/v2\/media?parent=403"}],"curies":[{"name":"wp","href":"https:\/\/api.w.org\/{rel}","templated":true}]}}