{"id":382,"date":"2024-01-11T17:14:51","date_gmt":"2024-01-11T16:14:51","guid":{"rendered":"http:\/\/malrauxbethune.net\/?page_id=382"},"modified":"2024-02-07T11:00:14","modified_gmt":"2024-02-07T10:00:14","slug":"filiere-generale","status":"publish","type":"page","link":"https:\/\/malrauxbethune.net\/index.php\/filiere-generale\/","title":{"rendered":"Fili\u00e8re g\u00e9n\u00e9rale"},"content":{"rendered":"\n<h2 class=\"wp-block-heading\">La formation<\/h2>\n\n\n\n<p>Un Bac G\u00e9n\u00e9ral se compose exclusivement de mati\u00e8res d\u2019enseignement g\u00e9n\u00e9ral et conduit en priorit\u00e9 \u00e0 des \u00e9tudes longues.<\/p>\n\n\n\n<p><\/p>\n\n\n\n<h2 class=\"wp-block-heading\">Les enseignements<\/h2>\n\n\n\n<figure class=\"wp-block-table\"><table><tbody><tr><td><strong><em>Enseignements communs<\/em><\/strong><\/td><td class=\"has-text-align-right\" data-align=\"right\"><strong><em>1\u00e8re<\/em><\/strong><\/td><td class=\"has-text-align-right\" data-align=\"right\"><strong><em>Terminale<\/em><\/strong><\/td><\/tr><tr><td>Fran\u00e7ais<\/td><td class=\"has-text-align-right\" data-align=\"right\">4h00<\/td><td class=\"has-text-align-right\" data-align=\"right\"><\/td><\/tr><tr><td>Philosophie<\/td><td class=\"has-text-align-right\" data-align=\"right\"><\/td><td class=\"has-text-align-right\" data-align=\"right\">4h00<\/td><\/tr><tr><td>Histoire-G\u00e9ographie<\/td><td class=\"has-text-align-right\" data-align=\"right\">3h00<\/td><td class=\"has-text-align-right\" data-align=\"right\">3h00<\/td><\/tr><tr><td>Anglais, Espagnol ou Allemand<\/td><td class=\"has-text-align-right\" data-align=\"right\">4h30<\/td><td class=\"has-text-align-right\" data-align=\"right\">4h00<\/td><\/tr><tr><td>\u00c9ducation Physique et Sportive<\/td><td class=\"has-text-align-right\" data-align=\"right\">2h00<\/td><td class=\"has-text-align-right\" data-align=\"right\">2h00<\/td><\/tr><tr><td>Enseignement Scientifique<\/td><td class=\"has-text-align-right\" data-align=\"right\">2h00<\/td><td class=\"has-text-align-right\" data-align=\"right\">2h00<\/td><\/tr><tr><td>Enseignement Moral et Civique<\/td><td class=\"has-text-align-right\" data-align=\"right\">0,5h <\/td><td class=\"has-text-align-right\" data-align=\"right\">0,5h<\/td><\/tr><tr><td><strong><em>Enseignements de sp\u00e9cialit\u00e9<\/em><\/strong> *<\/td><td class=\"has-text-align-right\" data-align=\"right\"><\/td><td class=\"has-text-align-right\" data-align=\"right\"><\/td><\/tr><tr><td> Choix 1<\/td><td class=\"has-text-align-right\" data-align=\"right\">4h00<\/td><td class=\"has-text-align-right\" data-align=\"right\">6h00<\/td><\/tr><tr><td>Choix 2<\/td><td class=\"has-text-align-right\" data-align=\"right\">4h00<\/td><td class=\"has-text-align-right\" data-align=\"right\">6h00<\/td><\/tr><tr><td>Choix 3<\/td><td class=\"has-text-align-right\" data-align=\"right\">4h00<\/td><td class=\"has-text-align-right\" data-align=\"right\"><\/td><\/tr><tr><td><strong><em>Enseignements optionnels<\/em><\/strong><\/td><td class=\"has-text-align-right\" data-align=\"right\"><\/td><td class=\"has-text-align-right\" data-align=\"right\"><\/td><\/tr><tr><td>1 enseignement parmi :<\/td><td class=\"has-text-align-right\" data-align=\"right\"><\/td><td class=\"has-text-align-right\" data-align=\"right\"><\/td><\/tr><tr><td>Math\u00e9matiques Compl\u00e9mentaires<\/td><td class=\"has-text-align-right\" data-align=\"right\"><\/td><td class=\"has-text-align-right\" data-align=\"right\">3h00<\/td><\/tr><tr><td>Math\u00e9matiques Expertes<\/td><td class=\"has-text-align-right\" data-align=\"right\"><\/td><td class=\"has-text-align-right\" data-align=\"right\">3h00<\/td><\/tr><tr><td><strong><em>Autres options :<\/em><\/strong><\/td><td class=\"has-text-align-right\" data-align=\"right\"><\/td><td class=\"has-text-align-right\" data-align=\"right\"><\/td><\/tr><tr><td>EPS<\/td><td class=\"has-text-align-right\" data-align=\"right\">3h00<\/td><td class=\"has-text-align-right\" data-align=\"right\">3h00<\/td><\/tr><tr><td>Section Euro<\/td><td class=\"has-text-align-right\" data-align=\"right\">3h00<\/td><td class=\"has-text-align-right\" data-align=\"right\">3h00<\/td><\/tr><\/tbody><\/table><\/figure>\n\n\n\n<h2 class=\"wp-block-heading\">* Les enseignements de sp\u00e9cialit\u00e9<\/h2>\n\n\n\n<p>3 au choix en Premi\u00e8re G\u00e9n\u00e9rale puis en Terminale 2 au choix parmi ceux d\u00e9j\u00e0 choisi en Premi\u00e8re G\u00e9n\u00e9rale<\/p>\n\n\n\n<ul class=\"wp-block-list\">\n<li>Anglais Monde Contemporain<\/li>\n\n\n\n<li>Histoire-G\u00e9ographie, G\u00e9opolitique et Sciences,<\/li>\n\n\n\n<li>Math\u00e9matiques,<\/li>\n\n\n\n<li>Num\u00e9rique et Sciences Informatiques,<\/li>\n\n\n\n<li>Physique Chimie,<\/li>\n\n\n\n<li>Science de la Vie et de la Terre,<\/li>\n\n\n\n<li>Sciences de l\u2019Ing\u00e9nieur,<\/li>\n\n\n\n<li>Sciences \u00c9conomique et Sociales,<\/li>\n\n\n\n<li>Accompagnement Personnalis\u00e9,<\/li>\n\n\n\n<li>Accompagnement au choix de l\u2019Orientation<\/li>\n<\/ul>\n\n\n\n<p><\/p>\n","protected":false},"excerpt":{"rendered":"<p>La formation Un Bac G\u00e9n\u00e9ral se compose exclusivement de mati\u00e8res d\u2019enseignement g\u00e9n\u00e9ral et conduit en priorit\u00e9 \u00e0 des \u00e9tudes longues. Les enseignements Enseignements communs 1\u00e8re Terminale Fran\u00e7ais 4h00 Philosophie 4h00 Histoire-G\u00e9ographie 3h00 3h00 Anglais, Espagnol ou Allemand 4h30 4h00 \u00c9ducation Physique et [&hellip;]<\/p>\n","protected":false},"author":1,"featured_media":0,"parent":0,"menu_order":0,"comment_status":"closed","ping_status":"closed","template":"","meta":{"footnotes":""},"class_list":["post-382","page","type-page","status-publish","hentry"],"_links":{"self":[{"href":"https:\/\/malrauxbethune.net\/index.php\/wp-json\/wp\/v2\/pages\/382","targetHints":{"allow":["GET"]}}],"collection":[{"href":"https:\/\/malrauxbethune.net\/index.php\/wp-json\/wp\/v2\/pages"}],"about":[{"href":"https:\/\/malrauxbethune.net\/index.php\/wp-json\/wp\/v2\/types\/page"}],"author":[{"embeddable":true,"href":"https:\/\/malrauxbethune.net\/index.php\/wp-json\/wp\/v2\/users\/1"}],"replies":[{"embeddable":true,"href":"https:\/\/malrauxbethune.net\/index.php\/wp-json\/wp\/v2\/comments?post=382"}],"version-history":[{"count":9,"href":"https:\/\/malrauxbethune.net\/index.php\/wp-json\/wp\/v2\/pages\/382\/revisions"}],"predecessor-version":[{"id":559,"href":"https:\/\/malrauxbethune.net\/index.php\/wp-json\/wp\/v2\/pages\/382\/revisions\/559"}],"wp:attachment":[{"href":"https:\/\/malrauxbethune.net\/index.php\/wp-json\/wp\/v2\/media?parent=382"}],"curies":[{"name":"wp","href":"https:\/\/api.w.org\/{rel}","templated":true}]}}