{"id":25,"date":"2023-10-11T08:37:47","date_gmt":"2023-10-11T06:37:47","guid":{"rendered":"http:\/\/malrauxbethune.net\/?page_id=25"},"modified":"2024-01-30T15:44:27","modified_gmt":"2024-01-30T14:44:27","slug":"missions","status":"publish","type":"page","link":"https:\/\/malrauxbethune.net\/index.php\/missions\/","title":{"rendered":"Missions"},"content":{"rendered":"\n<p><strong>Missions vie scolaire et CPE&nbsp;:<\/strong><\/p>\n\n\n\n<p>Le service de vie scolaire constitue un rouage essentiel au bon fonctionnement de l\u2019\u00e9tablissement, notamment en permettant d\u2019assurer au mieux le suivi des \u00e9l\u00e8ves et des \u00e9tudiants dans le but de favoriser leur r\u00e9ussite scolaire et \u00e9ducative et d\u2019assurer leur \u00e9panouissement personnel.<\/p>\n\n\n\n<figure data-wp-context=\"{&quot;imageId&quot;:&quot;69e8a1a0e49cc&quot;}\" data-wp-interactive=\"core\/image\" data-wp-key=\"69e8a1a0e49cc\" class=\"wp-block-image size-large wp-lightbox-container\"><img loading=\"lazy\" decoding=\"async\" width=\"1024\" height=\"725\" data-wp-class--hide=\"state.isContentHidden\" data-wp-class--show=\"state.isContentVisible\" data-wp-init=\"callbacks.setButtonStyles\" data-wp-on--click=\"actions.showLightbox\" data-wp-on--load=\"callbacks.setButtonStyles\" data-wp-on-window--resize=\"callbacks.setButtonStyles\" src=\"http:\/\/malrauxbethune.net\/wp-content\/uploads\/2024\/01\/CARTE-MEMO-MISSION-VIE-SCO-1024x725.jpg\" alt=\"\" class=\"wp-image-539\" srcset=\"https:\/\/malrauxbethune.net\/wp-content\/uploads\/2024\/01\/CARTE-MEMO-MISSION-VIE-SCO-1024x725.jpg 1024w, https:\/\/malrauxbethune.net\/wp-content\/uploads\/2024\/01\/CARTE-MEMO-MISSION-VIE-SCO-300x212.jpg 300w, https:\/\/malrauxbethune.net\/wp-content\/uploads\/2024\/01\/CARTE-MEMO-MISSION-VIE-SCO-768x544.jpg 768w, https:\/\/malrauxbethune.net\/wp-content\/uploads\/2024\/01\/CARTE-MEMO-MISSION-VIE-SCO-1536x1087.jpg 1536w, https:\/\/malrauxbethune.net\/wp-content\/uploads\/2024\/01\/CARTE-MEMO-MISSION-VIE-SCO-1081x765.jpg 1081w, https:\/\/malrauxbethune.net\/wp-content\/uploads\/2024\/01\/CARTE-MEMO-MISSION-VIE-SCO.jpg 1755w\" sizes=\"auto, (max-width: 1024px) 100vw, 1024px\" \/><button\n\t\t\tclass=\"lightbox-trigger\"\n\t\t\ttype=\"button\"\n\t\t\taria-haspopup=\"dialog\"\n\t\t\taria-label=\"Enlarge\"\n\t\t\tdata-wp-init=\"callbacks.initTriggerButton\"\n\t\t\tdata-wp-on--click=\"actions.showLightbox\"\n\t\t\tdata-wp-style--right=\"state.imageButtonRight\"\n\t\t\tdata-wp-style--top=\"state.imageButtonTop\"\n\t\t>\n\t\t\t<svg xmlns=\"http:\/\/www.w3.org\/2000\/svg\" width=\"12\" height=\"12\" fill=\"none\" viewBox=\"0 0 12 12\">\n\t\t\t\t<path fill=\"#fff\" d=\"M2 0a2 2 0 0 0-2 2v2h1.5V2a.5.5 0 0 1 .5-.5h2V0H2Zm2 10.5H2a.5.5 0 0 1-.5-.5V8H0v2a2 2 0 0 0 2 2h2v-1.5ZM8 12v-1.5h2a.5.5 0 0 0 .5-.5V8H12v2a2 2 0 0 1-2 2H8Zm2-12a2 2 0 0 1 2 2v2h-1.5V2a.5.5 0 0 0-.5-.5H8V0h2Z\" \/>\n\t\t\t<\/svg>\n\t\t<\/button><\/figure>\n","protected":false},"excerpt":{"rendered":"<p>Missions vie scolaire et CPE&nbsp;: Le service de vie scolaire constitue un rouage essentiel au bon fonctionnement de l\u2019\u00e9tablissement, notamment en permettant d\u2019assurer au mieux le suivi des \u00e9l\u00e8ves et des \u00e9tudiants dans le but de favoriser leur r\u00e9ussite scolaire et \u00e9ducative [&hellip;]<\/p>\n","protected":false},"author":1,"featured_media":0,"parent":0,"menu_order":0,"comment_status":"closed","ping_status":"closed","template":"","meta":{"footnotes":""},"class_list":["post-25","page","type-page","status-publish","hentry"],"_links":{"self":[{"href":"https:\/\/malrauxbethune.net\/index.php\/wp-json\/wp\/v2\/pages\/25","targetHints":{"allow":["GET"]}}],"collection":[{"href":"https:\/\/malrauxbethune.net\/index.php\/wp-json\/wp\/v2\/pages"}],"about":[{"href":"https:\/\/malrauxbethune.net\/index.php\/wp-json\/wp\/v2\/types\/page"}],"author":[{"embeddable":true,"href":"https:\/\/malrauxbethune.net\/index.php\/wp-json\/wp\/v2\/users\/1"}],"replies":[{"embeddable":true,"href":"https:\/\/malrauxbethune.net\/index.php\/wp-json\/wp\/v2\/comments?post=25"}],"version-history":[{"count":3,"href":"https:\/\/malrauxbethune.net\/index.php\/wp-json\/wp\/v2\/pages\/25\/revisions"}],"predecessor-version":[{"id":540,"href":"https:\/\/malrauxbethune.net\/index.php\/wp-json\/wp\/v2\/pages\/25\/revisions\/540"}],"wp:attachment":[{"href":"https:\/\/malrauxbethune.net\/index.php\/wp-json\/wp\/v2\/media?parent=25"}],"curies":[{"name":"wp","href":"https:\/\/api.w.org\/{rel}","templated":true}]}}