{"id":115,"date":"2023-10-12T13:20:11","date_gmt":"2023-10-12T11:20:11","guid":{"rendered":"http:\/\/malrauxbethune.net\/?page_id=115"},"modified":"2026-01-28T10:02:51","modified_gmt":"2026-01-28T09:02:51","slug":"formations-legt","status":"publish","type":"page","link":"https:\/\/malrauxbethune.net\/index.php\/formations-legt\/","title":{"rendered":"Formations Lyc\u00e9e G\u00e9n\u00e9ral Technologique et sup\u00e9rieur"},"content":{"rendered":"\n<div class=\"wp-block-cover is-light\"><img loading=\"lazy\" decoding=\"async\" width=\"1920\" height=\"479\" class=\"wp-block-cover__image-background wp-image-150\" alt=\"\" src=\"http:\/\/malrauxbethune.net\/wp-content\/uploads\/2023\/10\/classroom-2787754_1920-1.png\" data-object-fit=\"cover\" srcset=\"https:\/\/malrauxbethune.net\/wp-content\/uploads\/2023\/10\/classroom-2787754_1920-1.png 1920w, https:\/\/malrauxbethune.net\/wp-content\/uploads\/2023\/10\/classroom-2787754_1920-1-300x75.png 300w, https:\/\/malrauxbethune.net\/wp-content\/uploads\/2023\/10\/classroom-2787754_1920-1-1024x255.png 1024w, https:\/\/malrauxbethune.net\/wp-content\/uploads\/2023\/10\/classroom-2787754_1920-1-768x192.png 768w, https:\/\/malrauxbethune.net\/wp-content\/uploads\/2023\/10\/classroom-2787754_1920-1-1536x383.png 1536w, https:\/\/malrauxbethune.net\/wp-content\/uploads\/2023\/10\/classroom-2787754_1920-1-1530x382.png 1530w\" sizes=\"auto, (max-width: 1920px) 100vw, 1920px\" \/><span aria-hidden=\"true\" class=\"wp-block-cover__background has-primary-background-color has-background-dim\"><\/span><div class=\"wp-block-cover__inner-container is-layout-constrained wp-block-cover-is-layout-constrained\">\n<h2 class=\"wp-block-heading has-text-align-center has-white-color has-text-color has-xx-large-font-size\">Formations LEGT et sup\u00e9rieur<\/h2>\n<\/div><\/div>\n\n\n\n<p class=\"has-large-font-size\">Pr\u00e9-bac<\/p>\n\n\n\n<div class=\"wp-block-columns is-layout-flex wp-container-core-columns-is-layout-28f84493 wp-block-columns-is-layout-flex\">\n<div class=\"wp-block-column is-layout-flow wp-block-column-is-layout-flow\">\n<div class=\"wp-block-media-text is-stacked-on-mobile\"><figure class=\"wp-block-media-text__media\"><\/figure><div class=\"wp-block-media-text__content\">\n<p>Seconde g\u00e9n\u00e9rale et technologique<\/p>\n\n\n\n<div class=\"wp-block-buttons is-content-justification-left is-layout-flex wp-container-core-buttons-is-layout-24a44033 wp-block-buttons-is-layout-flex\">\n<div class=\"wp-block-button\"><a class=\"wp-block-button__link wp-element-button\" href=\"http:\/\/malrauxbethune.net\/index.php\/seconde-general-et-technologique\/\">d\u00e9couvrir<\/a><\/div>\n<\/div>\n<\/div><\/div>\n\n\n\n<div class=\"wp-block-media-text is-stacked-on-mobile\"><figure class=\"wp-block-media-text__media\"><\/figure><div class=\"wp-block-media-text__content\">\n<p>Fili\u00e8re g\u00e9n\u00e9rale<\/p>\n\n\n\n<div class=\"wp-block-buttons is-content-justification-left is-layout-flex wp-container-core-buttons-is-layout-24a44033 wp-block-buttons-is-layout-flex\">\n<div class=\"wp-block-button\"><a class=\"wp-block-button__link wp-element-button\" href=\"http:\/\/malrauxbethune.net\/index.php\/filiere-generale\/\">d\u00e9couvrir<\/a><\/div>\n<\/div>\n<\/div><\/div>\n<\/div>\n\n\n\n<div class=\"wp-block-column is-layout-flow wp-block-column-is-layout-flow\">\n<div class=\"wp-block-media-text is-stacked-on-mobile\"><figure class=\"wp-block-media-text__media\"><img loading=\"lazy\" decoding=\"async\" width=\"500\" height=\"500\" src=\"http:\/\/malrauxbethune.net\/wp-content\/uploads\/2023\/10\/photo-bts-indus-1.png\" alt=\"\" class=\"wp-image-158 size-full\" srcset=\"https:\/\/malrauxbethune.net\/wp-content\/uploads\/2023\/10\/photo-bts-indus-1.png 500w, https:\/\/malrauxbethune.net\/wp-content\/uploads\/2023\/10\/photo-bts-indus-1-300x300.png 300w, https:\/\/malrauxbethune.net\/wp-content\/uploads\/2023\/10\/photo-bts-indus-1-150x150.png 150w\" sizes=\"auto, (max-width: 500px) 100vw, 500px\" \/><\/figure><div class=\"wp-block-media-text__content\">\n<p>Fili\u00e8re technologique<\/p>\n\n\n\n<div class=\"wp-block-buttons is-content-justification-left is-layout-flex wp-container-core-buttons-is-layout-24a44033 wp-block-buttons-is-layout-flex\">\n<div class=\"wp-block-button\"><a class=\"wp-block-button__link wp-element-button\" href=\"http:\/\/malrauxbethune.net\/index.php\/filiere-technologique\/\">d\u00e9couvrir<\/a><\/div>\n<\/div>\n<\/div><\/div>\n<\/div>\n<\/div>\n\n\n\n<p><\/p>\n\n\n\n<hr class=\"wp-block-separator has-alpha-channel-opacity is-style-wide\"\/>\n\n\n\n<div class=\"wp-block-columns is-layout-flex wp-container-core-columns-is-layout-28f84493 wp-block-columns-is-layout-flex\">\n<div class=\"wp-block-column is-layout-flow wp-block-column-is-layout-flow\">\n<p class=\"has-large-font-size\">Post-bac<\/p>\n<\/div>\n\n\n\n<div class=\"wp-block-column is-layout-flow wp-block-column-is-layout-flow\"><\/div>\n<\/div>\n\n\n\n<div class=\"wp-block-columns is-layout-flex wp-container-core-columns-is-layout-28f84493 wp-block-columns-is-layout-flex\">\n<div class=\"wp-block-column is-layout-flow wp-block-column-is-layout-flow\">\n<div class=\"wp-block-media-text is-stacked-on-mobile\"><figure class=\"wp-block-media-text__media\"><img loading=\"lazy\" decoding=\"async\" width=\"500\" height=\"500\" src=\"http:\/\/malrauxbethune.net\/wp-content\/uploads\/2023\/10\/photo-bts-indus-1.png\" alt=\"\" class=\"wp-image-158 size-full\" srcset=\"https:\/\/malrauxbethune.net\/wp-content\/uploads\/2023\/10\/photo-bts-indus-1.png 500w, https:\/\/malrauxbethune.net\/wp-content\/uploads\/2023\/10\/photo-bts-indus-1-300x300.png 300w, https:\/\/malrauxbethune.net\/wp-content\/uploads\/2023\/10\/photo-bts-indus-1-150x150.png 150w\" sizes=\"auto, (max-width: 500px) 100vw, 500px\" \/><\/figure><div class=\"wp-block-media-text__content\">\n<p>Fili\u00e8re industriel<\/p>\n\n\n\n<div class=\"wp-block-buttons is-content-justification-left is-layout-flex wp-container-core-buttons-is-layout-24a44033 wp-block-buttons-is-layout-flex\">\n<div class=\"wp-block-button\"><a class=\"wp-block-button__link wp-element-button\" href=\"http:\/\/malrauxbethune.net\/index.php\/bts-industriel\/\">d\u00e9couvrir<\/a><\/div>\n<\/div>\n<\/div><\/div>\n<\/div>\n\n\n\n<div class=\"wp-block-column is-layout-flow wp-block-column-is-layout-flow\">\n<div class=\"wp-block-media-text is-stacked-on-mobile\"><figure class=\"wp-block-media-text__media\"><img loading=\"lazy\" decoding=\"async\" width=\"500\" height=\"500\" src=\"http:\/\/malrauxbethune.net\/wp-content\/uploads\/2024\/02\/illus-tertiaire.png\" alt=\"\" class=\"wp-image-565 size-full\" srcset=\"https:\/\/malrauxbethune.net\/wp-content\/uploads\/2024\/02\/illus-tertiaire.png 500w, https:\/\/malrauxbethune.net\/wp-content\/uploads\/2024\/02\/illus-tertiaire-300x300.png 300w, https:\/\/malrauxbethune.net\/wp-content\/uploads\/2024\/02\/illus-tertiaire-150x150.png 150w\" sizes=\"auto, (max-width: 500px) 100vw, 500px\" \/><\/figure><div class=\"wp-block-media-text__content\">\n<p>Fili\u00e8re tertiaire<\/p>\n\n\n\n<div class=\"wp-block-buttons is-content-justification-left is-layout-flex wp-container-core-buttons-is-layout-24a44033 wp-block-buttons-is-layout-flex\">\n<div class=\"wp-block-button\"><a class=\"wp-block-button__link wp-element-button\" href=\"http:\/\/malrauxbethune.net\/index.php\/legt\/\">d\u00e9couvrir<\/a><\/div>\n<\/div>\n<\/div><\/div>\n<\/div>\n<\/div>\n\n\n\n<div class=\"wp-block-columns is-layout-flex wp-container-core-columns-is-layout-28f84493 wp-block-columns-is-layout-flex\">\n<div class=\"wp-block-column is-layout-flow wp-block-column-is-layout-flow\">\n<div class=\"wp-block-media-text is-stacked-on-mobile\"><figure class=\"wp-block-media-text__media\"><img loading=\"lazy\" decoding=\"async\" width=\"500\" height=\"500\" src=\"http:\/\/malrauxbethune.net\/wp-content\/uploads\/2024\/02\/illus-DCG.png\" alt=\"\" class=\"wp-image-563 size-full\" srcset=\"https:\/\/malrauxbethune.net\/wp-content\/uploads\/2024\/02\/illus-DCG.png 500w, https:\/\/malrauxbethune.net\/wp-content\/uploads\/2024\/02\/illus-DCG-300x300.png 300w, https:\/\/malrauxbethune.net\/wp-content\/uploads\/2024\/02\/illus-DCG-150x150.png 150w\" sizes=\"auto, (max-width: 500px) 100vw, 500px\" \/><\/figure><div class=\"wp-block-media-text__content\">\n<p>Dipl\u00f4me de Comptabilit\u00e9 et de Gestion<\/p>\n\n\n\n<div class=\"wp-block-buttons is-content-justification-left is-layout-flex wp-container-core-buttons-is-layout-24a44033 wp-block-buttons-is-layout-flex\">\n<div class=\"wp-block-button\"><a class=\"wp-block-button__link wp-element-button\" href=\"http:\/\/malrauxbethune.net\/index.php\/le-dcg\/\">d\u00e9couvrir<\/a><\/div>\n<\/div>\n<\/div><\/div>\n<\/div>\n\n\n\n<div class=\"wp-block-column is-layout-flow wp-block-column-is-layout-flow\">\n<div class=\"wp-block-media-text is-stacked-on-mobile\"><figure class=\"wp-block-media-text__media\"><img loading=\"lazy\" decoding=\"async\" width=\"500\" height=\"500\" src=\"http:\/\/malrauxbethune.net\/wp-content\/uploads\/2024\/02\/logo-apprentissage.png\" alt=\"\" class=\"wp-image-562 size-full\" srcset=\"https:\/\/malrauxbethune.net\/wp-content\/uploads\/2024\/02\/logo-apprentissage.png 500w, https:\/\/malrauxbethune.net\/wp-content\/uploads\/2024\/02\/logo-apprentissage-300x300.png 300w, https:\/\/malrauxbethune.net\/wp-content\/uploads\/2024\/02\/logo-apprentissage-150x150.png 150w\" sizes=\"auto, (max-width: 500px) 100vw, 500px\" \/><\/figure><div class=\"wp-block-media-text__content\">\n<p>Apprentissage<\/p>\n\n\n\n<div class=\"wp-block-buttons is-content-justification-left is-layout-flex wp-container-core-buttons-is-layout-24a44033 wp-block-buttons-is-layout-flex\">\n<div class=\"wp-block-button\"><a class=\"wp-block-button__link wp-element-button\" href=\"http:\/\/malrauxbethune.net\/index.php\/apprentissage\/\">d\u00e9couvrir<\/a><\/div>\n<\/div>\n<\/div><\/div>\n<\/div>\n<\/div>\n\n\n\n<p><\/p>\n\n\n\n<hr class=\"wp-block-separator has-alpha-channel-opacity is-style-wide\"\/>\n\n\n\n<div class=\"wp-block-columns is-layout-flex wp-container-core-columns-is-layout-28f84493 wp-block-columns-is-layout-flex\">\n<div class=\"wp-block-column is-layout-flow wp-block-column-is-layout-flow\">\n<p class=\"has-large-font-size\"><\/p>\n<\/div>\n\n\n\n<div class=\"wp-block-column is-layout-flow wp-block-column-is-layout-flow\"><\/div>\n<\/div>\n\n\n\n<div class=\"wp-block-columns is-layout-flex wp-container-core-columns-is-layout-28f84493 wp-block-columns-is-layout-flex\">\n<div class=\"wp-block-column is-layout-flow wp-block-column-is-layout-flow\"><\/div>\n\n\n\n<div class=\"wp-block-column is-layout-flow wp-block-column-is-layout-flow\"><\/div>\n<\/div>\n","protected":false},"excerpt":{"rendered":"<p>Pr\u00e9-bac Seconde g\u00e9n\u00e9rale et technologique Fili\u00e8re g\u00e9n\u00e9rale Fili\u00e8re technologique Post-bac Fili\u00e8re industriel Fili\u00e8re tertiaire Dipl\u00f4me de Comptabilit\u00e9 et de Gestion Apprentissage<\/p>\n","protected":false},"author":1,"featured_media":0,"parent":0,"menu_order":0,"comment_status":"closed","ping_status":"closed","template":"","meta":{"footnotes":""},"class_list":["post-115","page","type-page","status-publish","hentry"],"_links":{"self":[{"href":"https:\/\/malrauxbethune.net\/index.php\/wp-json\/wp\/v2\/pages\/115","targetHints":{"allow":["GET"]}}],"collection":[{"href":"https:\/\/malrauxbethune.net\/index.php\/wp-json\/wp\/v2\/pages"}],"about":[{"href":"https:\/\/malrauxbethune.net\/index.php\/wp-json\/wp\/v2\/types\/page"}],"author":[{"embeddable":true,"href":"https:\/\/malrauxbethune.net\/index.php\/wp-json\/wp\/v2\/users\/1"}],"replies":[{"embeddable":true,"href":"https:\/\/malrauxbethune.net\/index.php\/wp-json\/wp\/v2\/comments?post=115"}],"version-history":[{"count":26,"href":"https:\/\/malrauxbethune.net\/index.php\/wp-json\/wp\/v2\/pages\/115\/revisions"}],"predecessor-version":[{"id":1146,"href":"https:\/\/malrauxbethune.net\/index.php\/wp-json\/wp\/v2\/pages\/115\/revisions\/1146"}],"wp:attachment":[{"href":"https:\/\/malrauxbethune.net\/index.php\/wp-json\/wp\/v2\/media?parent=115"}],"curies":[{"name":"wp","href":"https:\/\/api.w.org\/{rel}","templated":true}]}}